{"id":4877,"date":"2016-03-19T14:30:32","date_gmt":"2016-03-19T14:30:32","guid":{"rendered":"http:\/\/errearra.eu\/?page_id=4877"},"modified":"2016-03-19T14:30:32","modified_gmt":"2016-03-19T14:30:32","slug":"riedberger-horn-1786-m","status":"publish","type":"page","link":"http:\/\/errearra.eu\/de_DE\/riedberger-horn-1786-m","title":{"rendered":"Riedberger Horn 1786 m"},"content":{"rendered":"<p>Gabi hatte Training am Wochenende, damit habe ich entschieden diese 2 Tage mal zu nutzen, und mich f\u00fcr ein Grundkurs in Skitourengehen bei einer Bergschule in Oberstdorf angemeldet.<\/p> <p>F\u00fcr den ersten Tag war eine kurze Skitour geplant, damit noch gen\u00fcgend Zeit f\u00fcr Theorie und Paraxis von Lawinenlageberichtlesen und LVS-Suche bleibt.<\/p> <table style=\"height: 178px;\" width=\"550\"> <tbody> <tr> <td>Parkplatz: Balderschwang Skigebiet, 47.456598, 10.130980<\/td> <\/tr> <tr> <td>Start: Riedberger Horn Bergstation, 1404 m, 47.458333, 10.145021<\/td> <\/tr> <tr> <td>Aufstieg: 380 Hm<\/td> <\/tr> <tr> <td>Abstieg: 710 Hm<\/td> <\/tr> <tr> <td>Gipfel: Riederberger Horn 1786 m<\/td> <\/tr> <\/tbody> <\/table> <p>&nbsp;<\/p> \r\n\t\t<div id=\"wpgpxmaps_4877_2403547\" class=\"wpgpxmaps\">\r\n\t\t\t<div id=\"map_4877_2403547_cont\" style=\"width:100%; height:450px;position:relative\" >\r\n\t\t\t\t<div id=\"map_4877_2403547\" style=\"width:100%; height:450px\"><\/div>\r\n\t\t\t\t<div id=\"wpgpxmaps_4877_2403547_osm_footer\" class=\"wpgpxmaps_osm_footer\" style=\"display:none;\"><span> &copy; <a href=\"http:\/\/www.openstreetmap.org\/copyright\">OpenStreetMap<\/a> contributors<\/span><\/div>\r\n\t\t\t<\/div>\r\n\t\t\t<canvas id=\"myChart_4877_2403547\" class=\"plot\" style=\"width:100%; height:200px\"><\/canvas>\r\n\t\t\t<div id=\"ngimages_4877_2403547\" class=\"ngimages\" style=\"display:none\"><\/div>\r\n\t\t\t<div id=\"report_4877_2403547\" class=\"report\"><\/div>\r\n\t\t<\/div>\r\n\t\t\r\n\t\t<script type=\"text\/javascript\">\r\n\r\n\t\t\tjQuery(document).ready(function() {\r\n\r\n\t\t\t\tjQuery( \"#wpgpxmaps_4877_2403547\" ).wpgpxmaps( {\r\n\t\t\t\t\ttargetId           : \"4877_2403547\",\r\n\t\t\t\t\tmapType            : \"HYBRID\",\r\n\t\t\t\t\tmapData            : [[47.4579530,10.1459160],[47.4579890,10.1460160],[47.4577890,10.1462040],[47.4576600,10.1463930],[47.4572980,10.1466660],[47.4572280,10.1468810],[47.4569120,10.1469710],[47.4567140,10.1469920],[47.4565920,10.1471690],[47.4565060,10.1473060],[47.4564130,10.1472760],[47.4561430,10.1472620],[47.4560140,10.1473730],[47.4558650,10.1473730],[47.4557690,10.1472940],[47.4556780,10.1474090],[47.4556240,10.1474300],[47.4555720,10.1475690],[47.4553960,10.1477770],[47.4553370,10.1479470],[47.4554320,10.1480550],[47.4555410,10.1481540],[47.4555060,10.1482920],[47.4555730,10.1484230],[47.4554520,10.1487330],[47.4554210,10.1488960],[47.4555100,10.1489270],[47.4556170,10.1489680],[47.4555520,10.1491780],[47.4556020,10.1492220],[47.4556100,10.1493030],[47.4556820,10.1493160],[47.4556450,10.1493540],[47.4554720,10.1495820],[47.4555730,10.1496210],[47.4554940,10.1497690],[47.4554910,10.1499660],[47.4554360,10.1500770],[47.4553380,10.1500950],[47.4551980,10.1500200],[47.4551470,10.1500560],[47.4550990,10.1501370],[47.4550270,10.1502000],[47.4548860,10.1502150],[47.4548140,10.1503000],[47.4547470,10.1504840],[47.4548050,10.1505610],[47.4549010,10.1506190],[47.4550030,10.1506260],[47.4550470,10.1507480],[47.4549630,10.1508280],[47.4550560,10.1509040],[47.4551010,10.1508700],[47.4549460,10.1510790],[47.4549470,10.1513600],[47.4549880,10.1515730],[47.4550720,10.1515970],[47.4549660,10.1516670],[47.4548750,10.1517160],[47.4549540,10.1518080],[47.4548930,10.1517790],[47.4546980,10.1520030],[47.4547000,10.1520840],[47.4546690,10.1522530],[47.4545410,10.1523650],[47.4545360,10.1524330],[47.4545550,10.1523840],[47.4544470,10.1524290],[47.4546650,10.1525640],[47.4544980,10.1528420],[47.4545200,10.1529600],[47.4544610,10.1531620],[47.4543900,10.1532720],[47.4542600,10.1533470],[47.4541920,10.1534780],[47.4540160,10.1535330],[47.4539840,10.1534810],[47.4540580,10.1535700],[47.4541420,10.1536280],[47.4541510,10.1537300],[47.4541610,10.1538090],[47.4541680,10.1539410],[47.4541930,10.1539940],[47.4541170,10.1540160],[47.4542020,10.1539370],[47.4541650,10.1539080],[47.4541070,10.1539160],[47.4541020,10.1539790],[47.4539970,10.1539590],[47.4538600,10.1539880],[47.4537870,10.1540620],[47.4538340,10.1539980],[47.4537730,10.1541130],[47.4538640,10.1543150],[47.4536840,10.1544070],[47.4534850,10.1544100],[47.4534580,10.1544500],[47.4534300,10.1545200],[47.4534120,10.1545970],[47.4533960,10.1547260],[47.4533070,10.1548060],[47.4531660,10.1550380],[47.4530000,10.1551310],[47.4529860,10.1551280],[47.4528920,10.1550320],[47.4527860,10.1550350],[47.4526910,10.1550150],[47.4523100,10.1550940],[47.4522210,10.1551170],[47.4521810,10.1550470],[47.4521120,10.1552430],[47.4521530,10.1553840],[47.4521710,10.1555140],[47.4521970,10.1556640],[47.4521880,10.1558800],[47.4521130,10.1557790],[47.4520080,10.1558640],[47.4519580,10.1559910],[47.4519140,10.1562160],[47.4519100,10.1563940],[47.4519230,10.1565320],[47.4519230,10.1566620],[47.4519220,10.1568410],[47.4518490,10.1569750],[47.4518210,10.1571310],[47.4519160,10.1572180],[47.4518840,10.1573990],[47.4519490,10.1575970],[47.4519100,10.1577910],[47.4518270,10.1579110],[47.4517330,10.1578690],[47.4516920,10.1579540],[47.4516730,10.1581100],[47.4516030,10.1582430],[47.4515340,10.1583440],[47.4514420,10.1584200],[47.4515320,10.1585500],[47.4515170,10.1586700],[47.4515150,10.1587860],[47.4514510,10.1588740],[47.4513600,10.1590880],[47.4512840,10.1590940]],\r\n\t\t\t\t\tgraphDist          : [0.00,20.80,47.20,67.39,112.94,130.89,166.84,189.11,211.46,225.79,239.72,270.68,290.02,309.16,322.49,335.81,345.88,357.93,382.97,397.35,410.67,424.89,436.75,452.66,479.72,494.50,504.77,517.48,536.23,548.51,561.24,573.62,583.97,610.18,622.07,637.61,653.44,663.98,675.44,697.01,708.37,721.83,732.55,748.38,758.78,776.45,788.46,801.65,813.65,825.22,836.39,854.99,870.33,898.61,921.96,938.87,953.96,971.05,981.88,995.40,1013.09,1041.25,1058.88,1078.40,1095.08,1108.73,1119.11,1131.94,1158.72,1189.17,1199.25,1218.17,1232.35,1248.02,1261.65,1283.62,1293.63,1306.33,1316.70,1326.94,1338.45,1348.65,1361.61,1380.71,1391.87,1406.04,1417.87,1432.77,1445.00,1460.43,1481.12,1493.25,1505.47,1529.74,1558.09,1581.73,1592.95,1607.55,1622.28,1637.78,1649.40,1673.27,1693.28,1705.50,1719.46,1731.25,1742.65,1802.22,1818.34,1828.74,1849.90,1862.44,1873.69,1886.36,1902.90,1914.63,1928.27,1939.77,1957.77,1972.62,1986.78,1997.06,2010.75,2024.95,2037.63,2051.74,2065.94,2083.77,2099.17,2114.13,2126.02,2136.68,2150.92,2165.28,2176.48,2188.91,2204.08,2216.43,2229.94,2241.99,2261.86,2275.40],\r\n\t\t\t\t\tgraphEle           : [1377.00,1395.00,1397.00,1397.00,1398.00,1398.00,1400.00,1403.00,1406.00,1409.00,1412.00,1416.00,1422.00,1425.00,1427.00,1427.00,1429.00,1430.00,1430.00,1431.00,1431.00,1430.00,1430.00,1433.00,1436.00,1437.00,1439.00,1441.00,1445.00,1448.00,1449.00,1451.00,1453.00,1455.00,1457.00,1461.00,1463.00,1465.00,1468.00,1470.00,1471.00,1474.00,1479.00,1480.00,1482.00,1486.00,1489.00,1491.00,1493.00,1495.00,1496.00,1496.00,1496.00,1499.00,1503.00,1506.00,1508.00,1510.00,1510.00,1518.00,1521.00,1525.00,1531.00,1533.00,1535.00,1538.00,1541.00,1544.00,1547.00,1552.00,1554.00,1557.00,1559.00,1561.00,1563.00,1565.00,1568.00,1569.00,1571.00,1573.00,1577.00,1579.00,1579.00,1579.00,1579.00,1578.00,1579.00,1580.00,1584.00,1585.00,1589.00,1592.00,1594.00,1598.00,1603.00,1605.00,1607.00,1611.00,1613.00,1615.00,1616.00,1617.00,1620.00,1628.00,1633.00,1633.00,1633.00,1665.00,1666.00,1666.00,1669.00,1673.00,1676.00,1679.00,1682.00,1685.00,1688.00,1691.00,1695.00,1699.00,1706.00,1708.00,1711.00,1716.00,1719.00,1724.00,1726.00,1730.00,1732.00,1736.00,1741.00,1745.00,1747.00,1753.00,1756.00,1760.00,1764.00,1766.00,1773.00,1778.00,1779.00,1779.00],\r\n\t\t\t\t\tgraphSpeed         : [],\r\n\t\t\t\t\tgraphHr            : [],\r\n\t\t\t\t\tgraphAtemp         : [],\r\n\t\t\t\t\tgraphCad           : [],\r\n\t\t\t\t\tgraphGrade         : [],\r\n\t\t\t\t\twaypoints          : [],\r\n\t\t\t\t\tunit               : \"0\",\r\n\t\t\t\t\tunitspeed          : \"0\",\r\n\t\t\t\t\tcolor1             : [\"#3366cc\"],\r\n\t\t\t\t\tcolor2             : \"#3366cc\",\r\n\t\t\t\t\tcolor3             : \"#ff0000\",\r\n\t\t\t\t\tcolor4             : \"#ff77bd\",\r\n\t\t\t\t\tcolor5             : \"#beecff\",\r\n\t\t\t\t\tcolor6             : \"#000000\",\r\n\t\t\t\t\tcolor7             : \"#ff77bd\",\r\n\t\t\t\t\tchartFrom1         : \"\",\r\n\t\t\t\t\tchartTo1           : \"\",\r\n\t\t\t\t\tchartFrom2         : \"\",\r\n\t\t\t\t\tchartTo2           : \"\",\r\n\t\t\t\t\tstartIcon          : \"\",\r\n\t\t\t\t\tendIcon            : \"\",\r\n\t\t\t\t\tcurrentIcon        : \"\",\r\n\t\t\t\t\twaypointIcon       : \"\",\r\n\t\t\t\t\tcurrentpositioncon : \"\",\r\n\t\t\t\t\tusegpsposition     : \"\",\r\n\t\t\t\t\tzoomOnScrollWheel  : \"true\",\r\n\t\t\t\t\tngGalleries        : [],\r\n\t\t\t\t\tngImages           : [],\r\n\t\t\t\t\tpluginUrl          : \"http:\/\/errearra.eu\/wp-content\/plugins\",\r\n\t\t\t\t\tTFApiKey           : \"\",\r\n\t\t\t\t\tlangs              : {\r\n\t\t\t\t\t\taltitude        : \"H\u00f6he\",\r\n\t\t\t\t\t\tcurrentPosition : \"Aktuelle Position\",\r\n\t\t\t\t\t\tspeed           : \"Geschwindigkeit\",\r\n\t\t\t\t\t\tgrade           : \"Steigung\",\r\n\t\t\t\t\t\theartRate       : \"Herzfrequenz\",\r\n\t\t\t\t\t\tatemp           : \"Temperatur\",\r\n\t\t\t\t\t\tcadence         : \"Trittfrequenz\",\r\n\t\t\t\t\t\tgoFullScreen    : \"Vollbildansicht\",\r\n\t\t\t\t\t\texitFullFcreen  : \"Vollbild verlassen\",\r\n\t\t\t\t\t\thideImages      : \"Bilder verbergen\",\r\n\t\t\t\t\t\tshowImages      : \"Bilder zeigen\",\r\n\t\t\t\t\t\tbackToCenter\t: \"Zur\u00fcck zur Mitte\"\r\n\t\t\t\t\t}\r\n\t\t\t\t});\r\n\r\n\t\t\t});\r\n\r\n\t\t<\/script>Download file: <a href='http:\/\/errearra.eu\/de_DE\/wp-content\/uploads\/gpx\/riedberger_gpx.gpx' target='_new' download>riedberger_gpx.gpx<\/a> <p>Samstag Vormittag sind wir am grossen Parkplatz der Skipiste angekommen, wo noch gen\u00fcgend frei Pl\u00e4tze vorhanden waren. Rucksack auf dem R\u00fccken, Ticket f\u00fcr den Sessellift und los gehts mit dem Lift bis zur Bergstation.<\/p> <p>Hier hat unser Bergf\u00fchrer uns \u00fcber den Lawienenbericht informiert und wie es zu lesen ist. Dann zeigte uns den Wegverlauf und wir kontrollierten unseren Pieps-en.<\/p> <div id=\"attachment_4882\" style=\"width: 660px\" class=\"wp-caption alignnone\"><a href=\"http:\/\/errearra.eu\/wp-content\/uploads\/2016\/03\/P1010516.jpg\" rel=\"attachment wp-att-4882\"><img loading=\"lazy\" decoding=\"async\" aria-describedby=\"caption-attachment-4882\" class=\"wp-image-4882\" src=\"http:\/\/errearra.eu\/wp-content\/uploads\/2016\/03\/P1010516.jpg\" alt=\"Riedberger Horn\" width=\"650\" height=\"488\" \/><\/a><p id=\"caption-attachment-4882\" class=\"wp-caption-text\">Los gehts!<\/p><\/div> <p>Es geht zuerst dem Bach entlang im Tal, durch die Tannenwald. Dann queren wir das kleine Bach und steigen durch den sch\u00f6nen Tannenwald weiter hoch.<\/p> <p>Alles geht ganz easy, unser einziger Schmerz ist, dass wir wegen den Nebel nichts sehen.<\/p> <div id=\"attachment_4883\" style=\"width: 660px\" class=\"wp-caption alignnone\"><a href=\"http:\/\/errearra.eu\/wp-content\/uploads\/2016\/03\/P1010517.jpg\" rel=\"attachment wp-att-4883\"><img loading=\"lazy\" decoding=\"async\" aria-describedby=\"caption-attachment-4883\" class=\"wp-image-4883\" src=\"http:\/\/errearra.eu\/wp-content\/uploads\/2016\/03\/P1010517.jpg\" alt=\"Riedberger Horn\" width=\"650\" height=\"488\" \/><\/a><p id=\"caption-attachment-4883\" class=\"wp-caption-text\">Verschwunden im Nebel<\/p><\/div> <p>Wir verlassen den Tannen und es wird steiler. Wir \u00fcber in Spitzkehren hochzusteigen. Dauert aber nur kurz, und das Gel\u00e4nde wird wieder flacher. Der Wind wird ab und zu st\u00e4rker, weht den Wolken vom Tal aber nicht aus.<\/p> <div id=\"attachment_4885\" style=\"width: 660px\" class=\"wp-caption alignnone\"><a href=\"http:\/\/errearra.eu\/wp-content\/uploads\/2016\/03\/P1010518.jpg\" rel=\"attachment wp-att-4885\"><img loading=\"lazy\" decoding=\"async\" aria-describedby=\"caption-attachment-4885\" class=\"wp-image-4885\" src=\"http:\/\/errearra.eu\/wp-content\/uploads\/2016\/03\/P1010518.jpg\" alt=\"Riedberger Horn\" width=\"650\" height=\"488\" \/><\/a><p id=\"caption-attachment-4885\" class=\"wp-caption-text\">Am Rande des Tannenwaldes<\/p><\/div> <p>Es kommt noch eine steilere Etappe. Hier lernen wir, wie man die Steilheit messen kann. Der Hang ist 30 Grad, und wir steigen in Spitzkehren hoch.<\/p> <p>Wir erreichen einen braiten R\u00fccken auf der Westseite des Gipfels und erblicken den Gipfelkreuz.<\/p> <div id=\"attachment_4886\" style=\"width: 660px\" class=\"wp-caption alignnone\"><a href=\"http:\/\/errearra.eu\/wp-content\/uploads\/2016\/03\/P1010524.jpg\" rel=\"attachment wp-att-4886\"><img loading=\"lazy\" decoding=\"async\" aria-describedby=\"caption-attachment-4886\" class=\"wp-image-4886\" src=\"http:\/\/errearra.eu\/wp-content\/uploads\/2016\/03\/P1010524.jpg\" alt=\"Riedberger Horn\" width=\"650\" height=\"488\" \/><\/a><p id=\"caption-attachment-4886\" class=\"wp-caption-text\">Unter den Tannen sieht man bereits den Giplfelkreuz<\/p><\/div> <p>Hier wird der Wind auch st\u00e4rker, aber es dauert nicht mehr lange und wir erreichen den beliebtesten Skitourengipfel der H\u00f6rnergruppe.<\/p> <p>Rund um den Gipfelkreuz auf dem breiten Platou halten zirka 20 Winteralpinisten kurze Pause.<\/p> <div id=\"attachment_4888\" style=\"width: 660px\" class=\"wp-caption alignnone\"><a href=\"http:\/\/errearra.eu\/wp-content\/uploads\/2016\/03\/P1010527.jpg\" rel=\"attachment wp-att-4888\"><img loading=\"lazy\" decoding=\"async\" aria-describedby=\"caption-attachment-4888\" class=\"wp-image-4888\" src=\"http:\/\/errearra.eu\/wp-content\/uploads\/2016\/03\/P1010527.jpg\" alt=\"Riedberger Horn\" width=\"650\" height=\"867\" \/><\/a><p id=\"caption-attachment-4888\" class=\"wp-caption-text\">Riedberger Horn 1786 m<\/p><\/div> <p>Wir holen den Thermoskannen auch aus dem Rucksack, ziehen die F\u00e4lle vom Ski aus, machen einige Gipfelfotos und starten Richtung Tal, da es ganz sch\u00f6n kalt ist.<\/p> <p>Da man leider nicht mehr als einige Meter sieht, entscheidet unser Berf\u00fchrer auf dem Aufstiegsroute runterzufahren.<\/p> <p>Er f\u00e4hrt als erster, und wir folgen ihm mit wenig Abstand, damit wir noch sehen in welche Richtung es weitergeht. Ab und zu verlieren wir doch einander, dann schreien aber die Kameraden von unten damit wir uns orientieren k\u00f6nnen.<\/p> <p>Zuerst unter den B\u00fcschen und Tannen ist ein ein bisschen knapp, aber dann wird es gem\u00fctlich auf dem breiten R\u00fccken. Auf dem Steilhang gibt es super Pulverschnee.<\/p> <p>Auf zirka 1400 Meter halten wir an und machen LVS-\u00dcbungen. Wir sondieren auch und messen 180 cm Schneedecke unter uns.<\/p> <p>Es geht dann weiter Richtung Tal durch den Tannelwald. Hier befand ich mich ab und zu am Boden, aber es ging.<\/p> <p>Zum Schluss gehts \u00fcber die Piste problemlos bis zum Parkplatz.<\/p> <p>Hier kehren wir in die H\u00fctte f\u00fcr Kaffe und Kuchen ein.Wir glauben unser Bergf\u00fchrer wenn er erz\u00e4hlt, wie sch\u00f6ne Aussicht am Gipfel sein k\u00f6nnte, und hoffen dass Morgen alles sch\u00f6n Sonnig wird.<\/p> <p>12.03.2016<\/p> ","protected":false},"excerpt":{"rendered":"<p>Gabi hatte Training am Wochenende, damit habe ich entschieden diese 2 Tage mal zu nutzen, und mich f\u00fcr ein Grundkurs in Skitourengehen bei einer Bergschule in Oberstdorf angemeldet.<\/p>\n<p>F\u00fcr den ersten Tag war eine kurze Skitour geplant, damit noch gen&#8230;<\/p>\n","protected":false},"author":1,"featured_media":0,"parent":0,"menu_order":0,"comment_status":"closed","ping_status":"closed","template":"","meta":{"footnotes":""},"class_list":["post-4877","page","type-page","status-publish","hentry"],"_links":{"self":[{"href":"http:\/\/errearra.eu\/de_DE\/wp-json\/wp\/v2\/pages\/4877","targetHints":{"allow":["GET"]}}],"collection":[{"href":"http:\/\/errearra.eu\/de_DE\/wp-json\/wp\/v2\/pages"}],"about":[{"href":"http:\/\/errearra.eu\/de_DE\/wp-json\/wp\/v2\/types\/page"}],"author":[{"embeddable":true,"href":"http:\/\/errearra.eu\/de_DE\/wp-json\/wp\/v2\/users\/1"}],"replies":[{"embeddable":true,"href":"http:\/\/errearra.eu\/de_DE\/wp-json\/wp\/v2\/comments?post=4877"}],"version-history":[{"count":29,"href":"http:\/\/errearra.eu\/de_DE\/wp-json\/wp\/v2\/pages\/4877\/revisions"}],"predecessor-version":[{"id":5047,"href":"http:\/\/errearra.eu\/de_DE\/wp-json\/wp\/v2\/pages\/4877\/revisions\/5047"}],"wp:attachment":[{"href":"http:\/\/errearra.eu\/de_DE\/wp-json\/wp\/v2\/media?parent=4877"}],"curies":[{"name":"wp","href":"https:\/\/api.w.org\/{rel}","templated":true}]}}