{"id":5898,"date":"2017-11-02T16:48:31","date_gmt":"2017-11-02T14:48:31","guid":{"rendered":"http:\/\/errearra.eu\/?page_id=5898"},"modified":"2017-11-02T17:45:42","modified_gmt":"2017-11-02T15:45:42","slug":"karlsruher-grat","status":"publish","type":"page","link":"http:\/\/errearra.eu\/de_DE\/karlsruher-grat","title":{"rendered":"Karlsruher Grat"},"content":{"rendered":"<p>Man w\u00fcrde glauben, dass eine leichte Gratkraxeln nur in den Hochgebirgen m\u00f6glich ist. Grunds\u00e4tzlich schon, aber zum Gl\u00fcck bieten sich welche andere M\u00f6glichkeiten an. Zum Beispiel der Karlsruher Grat in der Nordschwarzwald. Ein perfektes Tourenziel im Fr\u00fchling oder Herbst, wenn man in den Alpen noch nicht, oder nicht mehr unterwegs sein kann. Ein weiterer Vorteil ist, dass wenn jemand von der Familie die leichte Kletterei sich doch nicht traut, kann auf einem Wanderpfad diese Etappe leicht umgehen. An vielen Seiten wird als Klettersteig erw\u00e4hnt, was aus unser Sicht etwas \u00fcbertrieben ist. Es ist leicht, und nicht gesichert.<\/p> <table style=\"height: 133px;\" width=\"380\"> <tbody> <tr> <td>Ausgangspunkt: Ottenh\u00f6fen Bahnhof<\/td> <\/tr> <tr> <td>Schwierigkeit: eine Stelle UIAA II, sonst leichter<\/td> <\/tr> <tr> <td>H\u00f6henunterschied: 700 hm<\/td> <\/tr> <tr> <td>Strecke: 12 km<\/td> <\/tr> <\/tbody> <\/table> <p>Die Tour haben wir an einem sch\u00f6nen sonnigen Tag in M\u00e4rz gemacht.Am Bahnhof haben wir noch einer den wenigen freien Pl\u00e4tzen erwischt. Dann ging es durch den kleinen Park Richtung Albert-K\u00f6hler Strasse los. Wir biegen in die Hildahain ab, wo die Runde anf\u00e4ngt. Die Rundtour ist bestens ausgeschildert, und hier am Startpunkt finden wir eine gute \u00dcbersichtskarte.<\/p> <div id=\"attachment_5901\" style=\"width: 660px\" class=\"wp-caption alignnone\"><a href=\"http:\/\/errearra.eu\/wp-content\/uploads\/2017\/11\/P1050275.jpg\"><img loading=\"lazy\" decoding=\"async\" aria-describedby=\"caption-attachment-5901\" class=\"wp-image-5901\" title=\"Karlsruher Grat Karte\" src=\"http:\/\/errearra.eu\/wp-content\/uploads\/2017\/11\/P1050275.jpg\" alt=\"Karlsruher Grat Karte\" width=\"650\" height=\"488\" srcset=\"http:\/\/errearra.eu\/wp-content\/uploads\/2017\/11\/P1050275.jpg 2000w, http:\/\/errearra.eu\/wp-content\/uploads\/2017\/11\/P1050275-300x225.jpg 300w, http:\/\/errearra.eu\/wp-content\/uploads\/2017\/11\/P1050275-768x576.jpg 768w, http:\/\/errearra.eu\/wp-content\/uploads\/2017\/11\/P1050275-1024x768.jpg 1024w\" sizes=\"auto, (max-width: 650px) 100vw, 650px\" \/><\/a><p id=\"caption-attachment-5901\" class=\"wp-caption-text\">Karlsruher Grat Karte<\/p><\/div> <p>Wir schaffen die erste kurze Etappe die durch den Dorf l\u00e4uft sehr schnell. Es geht st\u00e4ndig bergauf, zuerst \u00fcber einen breiten Waldweg, dann \u00fcber einem schn\u00f6nen Pfad. als wir den Eichkopf (526 m) erreichen, haben wir schon 200 hm geschafft. auf den n\u00e4chsten 1,5 km laufen wirganz leicht bergab. Hier ist auch der &#8220;Sausteig Tr\u00e4nkle&#8221; zu finden. Gek\u00fchlte Getr\u00e4nke wie Bier, Saft, Obstler in Selbsbediehnung. Wir geniessen welche und laufen weiter.<\/p> <div id=\"attachment_5903\" style=\"width: 660px\" class=\"wp-caption alignnone\"><a href=\"http:\/\/errearra.eu\/wp-content\/uploads\/2017\/11\/P1050283.jpg\"><img loading=\"lazy\" decoding=\"async\" aria-describedby=\"caption-attachment-5903\" class=\"wp-image-5903\" title=\"Sausteig Tr\u00e4nkle Karlsruher Grat\" src=\"http:\/\/errearra.eu\/wp-content\/uploads\/2017\/11\/P1050283.jpg\" alt=\"Sausteig Tr\u00e4nkle Karlsruher Grat\" width=\"650\" height=\"488\" srcset=\"http:\/\/errearra.eu\/wp-content\/uploads\/2017\/11\/P1050283.jpg 2000w, http:\/\/errearra.eu\/wp-content\/uploads\/2017\/11\/P1050283-300x225.jpg 300w, http:\/\/errearra.eu\/wp-content\/uploads\/2017\/11\/P1050283-768x576.jpg 768w, http:\/\/errearra.eu\/wp-content\/uploads\/2017\/11\/P1050283-1024x768.jpg 1024w\" sizes=\"auto, (max-width: 650px) 100vw, 650px\" \/><\/a><p id=\"caption-attachment-5903\" class=\"wp-caption-text\">Sausteig Tr\u00e4nkle &#8211; Trinkstation<\/p><\/div> <p>Erfischt laufen wir weiter. Wir steigen zu dem Gottschl\u00e4gbach ins Tal ab. Wenn jemand die Tour k\u00fcrzer machen m\u00f6chte, kann die erste Etappe lassen, und direkt dem Bach entlang starten. Die kleine Schlucht ist wundersch\u00f6n. Wir laufen \u00fcber kleine Br\u00fccken und Treppen, rund um uns flie\u00dft das Bach \u00fcber kleine Wasserf\u00e4lle.<\/p> <div id=\"attachment_5905\" style=\"width: 660px\" class=\"wp-caption alignnone\"><a href=\"http:\/\/errearra.eu\/wp-content\/uploads\/2017\/11\/P1050291.jpg\"><img loading=\"lazy\" decoding=\"async\" aria-describedby=\"caption-attachment-5905\" class=\"wp-image-5905\" src=\"http:\/\/errearra.eu\/wp-content\/uploads\/2017\/11\/P1050291.jpg\" alt=\"Karlsruher Grat\" width=\"650\" height=\"867\" srcset=\"http:\/\/errearra.eu\/wp-content\/uploads\/2017\/11\/P1050291.jpg 1500w, http:\/\/errearra.eu\/wp-content\/uploads\/2017\/11\/P1050291-225x300.jpg 225w, http:\/\/errearra.eu\/wp-content\/uploads\/2017\/11\/P1050291-768x1024.jpg 768w\" sizes=\"auto, (max-width: 650px) 100vw, 650px\" \/><\/a><p id=\"caption-attachment-5905\" class=\"wp-caption-text\">Viele kleine Wasserf\u00e4lle im Tal<\/p><\/div> <p>Bald f\u00fchrt unser Weg eine idillische Steinbr\u00fccke vorbei.<\/p> <div id=\"attachment_5907\" style=\"width: 660px\" class=\"wp-caption alignnone\"><a href=\"http:\/\/errearra.eu\/wp-content\/uploads\/2017\/11\/P1050296.jpg\"><img loading=\"lazy\" decoding=\"async\" aria-describedby=\"caption-attachment-5907\" class=\"wp-image-5907\" title=\"Karlsruher grat\" src=\"http:\/\/errearra.eu\/wp-content\/uploads\/2017\/11\/P1050296.jpg\" alt=\"Karlsruher grat\" width=\"650\" height=\"488\" srcset=\"http:\/\/errearra.eu\/wp-content\/uploads\/2017\/11\/P1050296.jpg 2000w, http:\/\/errearra.eu\/wp-content\/uploads\/2017\/11\/P1050296-300x225.jpg 300w, http:\/\/errearra.eu\/wp-content\/uploads\/2017\/11\/P1050296-768x576.jpg 768w, http:\/\/errearra.eu\/wp-content\/uploads\/2017\/11\/P1050296-1024x768.jpg 1024w\" sizes=\"auto, (max-width: 650px) 100vw, 650px\" \/><\/a><p id=\"caption-attachment-5907\" class=\"wp-caption-text\">Alte Steinbr\u00fccke<\/p><\/div> <p>Bald verlassen wir das Bach, und laufen auf einem breiten Waldweg weiter. Danach geht es \u00fcber einem schmalen Pfad immer bergauf weiter.\u00a0 Ein sch\u00f6ner Aussichtspunkt ist bald erreicht. Wir geniessen kurz das super Sicht auf die bereits hinterlegte Route. Ab hier sind es nur noch zirka 500 meter bis zu der Abzweigung Richtung Karlsruher Grat. Dann geht es richtig los! Es macht auf dem grat super viel Spass zu balancieren, kraxeln, ab und zu klettern!<\/p> <div id=\"attachment_5908\" style=\"width: 660px\" class=\"wp-caption alignnone\"><a href=\"http:\/\/errearra.eu\/wp-content\/uploads\/2017\/11\/P1050314.jpg\"><img loading=\"lazy\" decoding=\"async\" aria-describedby=\"caption-attachment-5908\" class=\"wp-image-5908\" title=\"Karlsruher grat\" src=\"http:\/\/errearra.eu\/wp-content\/uploads\/2017\/11\/P1050314.jpg\" alt=\"Karlsruher grat\" width=\"650\" height=\"488\" srcset=\"http:\/\/errearra.eu\/wp-content\/uploads\/2017\/11\/P1050314.jpg 2000w, http:\/\/errearra.eu\/wp-content\/uploads\/2017\/11\/P1050314-300x225.jpg 300w, http:\/\/errearra.eu\/wp-content\/uploads\/2017\/11\/P1050314-768x576.jpg 768w, http:\/\/errearra.eu\/wp-content\/uploads\/2017\/11\/P1050314-1024x768.jpg 1024w\" sizes=\"auto, (max-width: 650px) 100vw, 650px\" \/><\/a><p id=\"caption-attachment-5908\" class=\"wp-caption-text\">Spa\u00df aufm Grat<\/p><\/div> <div id=\"attachment_5909\" style=\"width: 660px\" class=\"wp-caption alignnone\"><a href=\"http:\/\/errearra.eu\/wp-content\/uploads\/2017\/11\/P1050317.jpg\"><img loading=\"lazy\" decoding=\"async\" aria-describedby=\"caption-attachment-5909\" class=\"wp-image-5909\" src=\"http:\/\/errearra.eu\/wp-content\/uploads\/2017\/11\/P1050317.jpg\" alt=\"Karlsruher grat\" width=\"650\" height=\"488\" srcset=\"http:\/\/errearra.eu\/wp-content\/uploads\/2017\/11\/P1050317.jpg 2400w, http:\/\/errearra.eu\/wp-content\/uploads\/2017\/11\/P1050317-300x225.jpg 300w, http:\/\/errearra.eu\/wp-content\/uploads\/2017\/11\/P1050317-768x576.jpg 768w, http:\/\/errearra.eu\/wp-content\/uploads\/2017\/11\/P1050317-1024x768.jpg 1024w\" sizes=\"auto, (max-width: 650px) 100vw, 650px\" \/><\/a><p id=\"caption-attachment-5909\" class=\"wp-caption-text\">Karlsruher Grat<\/p><\/div> <p>Der Grat ist nur ein parr hundert meter lang, bietet aber ein einzigartiges Erlebnis. Die Aussicht ist super, und der Fels f\u00fchlt sich super an. Wer doch nicht kraxeln m\u00f6chte, kann zirka 20 meter parallel zu dem Grat in der Wald laufen.<\/p> <div id=\"attachment_5911\" style=\"width: 660px\" class=\"wp-caption alignnone\"><a href=\"http:\/\/errearra.eu\/wp-content\/uploads\/2017\/11\/P1050319.jpg\"><img loading=\"lazy\" decoding=\"async\" aria-describedby=\"caption-attachment-5911\" class=\"wp-image-5911\" src=\"http:\/\/errearra.eu\/wp-content\/uploads\/2017\/11\/P1050319.jpg\" alt=\"Karlsruher grat\" width=\"650\" height=\"488\" srcset=\"http:\/\/errearra.eu\/wp-content\/uploads\/2017\/11\/P1050319.jpg 2000w, http:\/\/errearra.eu\/wp-content\/uploads\/2017\/11\/P1050319-300x225.jpg 300w, http:\/\/errearra.eu\/wp-content\/uploads\/2017\/11\/P1050319-768x576.jpg 768w, http:\/\/errearra.eu\/wp-content\/uploads\/2017\/11\/P1050319-1024x768.jpg 1024w\" sizes=\"auto, (max-width: 650px) 100vw, 650px\" \/><\/a><p id=\"caption-attachment-5911\" class=\"wp-caption-text\">Hoch und Runter<\/p><\/div> <div id=\"attachment_5913\" style=\"width: 660px\" class=\"wp-caption alignnone\"><a href=\"http:\/\/errearra.eu\/wp-content\/uploads\/2017\/11\/P1050321.jpg\"><img loading=\"lazy\" decoding=\"async\" aria-describedby=\"caption-attachment-5913\" class=\"wp-image-5913\" src=\"http:\/\/errearra.eu\/wp-content\/uploads\/2017\/11\/P1050321.jpg\" alt=\"Karlsruher grat\" width=\"650\" height=\"488\" srcset=\"http:\/\/errearra.eu\/wp-content\/uploads\/2017\/11\/P1050321.jpg 2000w, http:\/\/errearra.eu\/wp-content\/uploads\/2017\/11\/P1050321-300x225.jpg 300w, http:\/\/errearra.eu\/wp-content\/uploads\/2017\/11\/P1050321-768x576.jpg 768w, http:\/\/errearra.eu\/wp-content\/uploads\/2017\/11\/P1050321-1024x768.jpg 1024w\" sizes=\"auto, (max-width: 650px) 100vw, 650px\" \/><\/a><p id=\"caption-attachment-5913\" class=\"wp-caption-text\">Karlsruher Grat<\/p><\/div> <div id=\"attachment_5914\" style=\"width: 660px\" class=\"wp-caption alignnone\"><a href=\"http:\/\/errearra.eu\/wp-content\/uploads\/2017\/11\/P1050322.jpg\"><img loading=\"lazy\" decoding=\"async\" aria-describedby=\"caption-attachment-5914\" class=\"wp-image-5914\" src=\"http:\/\/errearra.eu\/wp-content\/uploads\/2017\/11\/P1050322.jpg\" alt=\"Karlsruher grat\" width=\"650\" height=\"488\" srcset=\"http:\/\/errearra.eu\/wp-content\/uploads\/2017\/11\/P1050322.jpg 2000w, http:\/\/errearra.eu\/wp-content\/uploads\/2017\/11\/P1050322-300x225.jpg 300w, http:\/\/errearra.eu\/wp-content\/uploads\/2017\/11\/P1050322-768x576.jpg 768w, http:\/\/errearra.eu\/wp-content\/uploads\/2017\/11\/P1050322-1024x768.jpg 1024w\" sizes=\"auto, (max-width: 650px) 100vw, 650px\" \/><\/a><p id=\"caption-attachment-5914\" class=\"wp-caption-text\">Kleiner Aussichtspunkt<\/p><\/div> <p>Unter dem Grat befinden sich mehrere Kletterrouten. Gabi hat sogar kurz runtergeklettert um die anzuschauen.<\/p> <div id=\"attachment_5916\" style=\"width: 660px\" class=\"wp-caption alignnone\"><a href=\"http:\/\/errearra.eu\/wp-content\/uploads\/2017\/11\/P1050329.jpg\"><img loading=\"lazy\" decoding=\"async\" aria-describedby=\"caption-attachment-5916\" class=\"wp-image-5916\" src=\"http:\/\/errearra.eu\/wp-content\/uploads\/2017\/11\/P1050329.jpg\" alt=\"Karlsruher grat\" width=\"650\" height=\"488\" srcset=\"http:\/\/errearra.eu\/wp-content\/uploads\/2017\/11\/P1050329.jpg 2000w, http:\/\/errearra.eu\/wp-content\/uploads\/2017\/11\/P1050329-300x225.jpg 300w, http:\/\/errearra.eu\/wp-content\/uploads\/2017\/11\/P1050329-768x576.jpg 768w, http:\/\/errearra.eu\/wp-content\/uploads\/2017\/11\/P1050329-1024x768.jpg 1024w\" sizes=\"auto, (max-width: 650px) 100vw, 650px\" \/><\/a><p id=\"caption-attachment-5916\" class=\"wp-caption-text\">Karlsruher Grat<\/p><\/div> <div id=\"attachment_5917\" style=\"width: 660px\" class=\"wp-caption alignnone\"><a href=\"http:\/\/errearra.eu\/wp-content\/uploads\/2017\/11\/P1050336.jpg\"><img loading=\"lazy\" decoding=\"async\" aria-describedby=\"caption-attachment-5917\" class=\"wp-image-5917\" src=\"http:\/\/errearra.eu\/wp-content\/uploads\/2017\/11\/P1050336.jpg\" alt=\"Karlsruher grat\" width=\"650\" height=\"867\" srcset=\"http:\/\/errearra.eu\/wp-content\/uploads\/2017\/11\/P1050336.jpg 1900w, http:\/\/errearra.eu\/wp-content\/uploads\/2017\/11\/P1050336-225x300.jpg 225w, http:\/\/errearra.eu\/wp-content\/uploads\/2017\/11\/P1050336-768x1024.jpg 768w\" sizes=\"auto, (max-width: 650px) 100vw, 650px\" \/><\/a><p id=\"caption-attachment-5917\" class=\"wp-caption-text\">\ud83d\ude42<\/p><\/div> <p>Fast zum Schluss kommt dann die &#8220;Schl\u00fcsselstelle&#8221;, die zirka auf 3 meter eine II-er Kletterstelle ist. Echt sch\u00f6n und macht Spass!<\/p> <div id=\"attachment_5918\" style=\"width: 660px\" class=\"wp-caption alignnone\"><a href=\"http:\/\/errearra.eu\/wp-content\/uploads\/2017\/11\/P1050350.jpg\"><img loading=\"lazy\" decoding=\"async\" aria-describedby=\"caption-attachment-5918\" class=\"wp-image-5918\" src=\"http:\/\/errearra.eu\/wp-content\/uploads\/2017\/11\/P1050350.jpg\" alt=\"Karlsruher grat\" width=\"650\" height=\"488\" srcset=\"http:\/\/errearra.eu\/wp-content\/uploads\/2017\/11\/P1050350.jpg 2000w, http:\/\/errearra.eu\/wp-content\/uploads\/2017\/11\/P1050350-300x225.jpg 300w, http:\/\/errearra.eu\/wp-content\/uploads\/2017\/11\/P1050350-768x576.jpg 768w, http:\/\/errearra.eu\/wp-content\/uploads\/2017\/11\/P1050350-1024x768.jpg 1024w\" sizes=\"auto, (max-width: 650px) 100vw, 650px\" \/><\/a><p id=\"caption-attachment-5918\" class=\"wp-caption-text\">&#8220;Schl\u00fcsselstelle&#8221;<\/p><\/div> <p>Ab hier ist es nicht mehr weit, und wir haben die Etappe auf dem grat geschafft. Kurz steigen wir noch bergauf weiter, und erreichen die Strasse. Ab hier geht es Richtung Seebach und Ottenh\u00f6fen bergab weiter. Wir laufen eine klein H\u00fctte vorbei. Leider gibt es gerade eine Privatveranschtaltung, und wir d\u00fcrfen nicht rein. Unser Weg f\u00fchrt auf breiten Wiesen einen Wanderheim vorbei. Dann kommen wir in der Wald an, und der Pfad wird steil.<\/p> <div id=\"attachment_5920\" style=\"width: 660px\" class=\"wp-caption alignnone\"><a href=\"http:\/\/errearra.eu\/wp-content\/uploads\/2017\/11\/P1050356.jpg\"><img loading=\"lazy\" decoding=\"async\" aria-describedby=\"caption-attachment-5920\" class=\"wp-image-5920\" src=\"http:\/\/errearra.eu\/wp-content\/uploads\/2017\/11\/P1050356.jpg\" alt=\"Karlsruher grat\" width=\"650\" height=\"488\" srcset=\"http:\/\/errearra.eu\/wp-content\/uploads\/2017\/11\/P1050356.jpg 2000w, http:\/\/errearra.eu\/wp-content\/uploads\/2017\/11\/P1050356-300x225.jpg 300w, http:\/\/errearra.eu\/wp-content\/uploads\/2017\/11\/P1050356-768x576.jpg 768w, http:\/\/errearra.eu\/wp-content\/uploads\/2017\/11\/P1050356-1024x768.jpg 1024w\" sizes=\"auto, (max-width: 650px) 100vw, 650px\" \/><\/a><p id=\"caption-attachment-5920\" class=\"wp-caption-text\">Auf dem R\u00fcckweg<\/p><\/div> <p>Bei einer sch\u00f6ner Aussichtspunkt finden wir eine sch\u00f6ne neue Schutzh\u00fctte. Ab hier wird es noch steiler, und wir verlieren schnell an der H\u00f6he. Wir kommen auf breiten Wiesen an, und geniessen den sch\u00f6nen Schwarzwald-Blick mit Fachwerkh\u00e4usern.<\/p> <div id=\"attachment_5921\" style=\"width: 660px\" class=\"wp-caption alignnone\"><a href=\"http:\/\/errearra.eu\/wp-content\/uploads\/2017\/11\/P1050367.jpg\"><img loading=\"lazy\" decoding=\"async\" aria-describedby=\"caption-attachment-5921\" class=\"wp-image-5921\" src=\"http:\/\/errearra.eu\/wp-content\/uploads\/2017\/11\/P1050367.jpg\" alt=\"Karlsruher grat\" width=\"650\" height=\"488\" srcset=\"http:\/\/errearra.eu\/wp-content\/uploads\/2017\/11\/P1050367.jpg 2000w, http:\/\/errearra.eu\/wp-content\/uploads\/2017\/11\/P1050367-300x225.jpg 300w, http:\/\/errearra.eu\/wp-content\/uploads\/2017\/11\/P1050367-768x576.jpg 768w, http:\/\/errearra.eu\/wp-content\/uploads\/2017\/11\/P1050367-1024x768.jpg 1024w\" sizes=\"auto, (max-width: 650px) 100vw, 650px\" \/><\/a><p id=\"caption-attachment-5921\" class=\"wp-caption-text\">Schwarzwald so sch\u00f6n<\/p><\/div> <p>Wir erreichen Hagenbruck, den kleinen Dorf. Ab hier gehts auf dem Fusg\u00e4nger-, Radfahrerweg weiter Richtung Ottenh\u00f6fen. Bald kommen wir bei unserem Auto an. Es war ein wundersch\u00f6ner (Halb)Wandertag. M\u00e4rz, 2017<\/p> ","protected":false},"excerpt":{"rendered":"<p>Man w\u00fcrde glauben, dass eine leichte Gratkraxeln nur in den Hochgebirgen m\u00f6glich ist. Grunds\u00e4tzlich schon, aber zum Gl\u00fcck bieten sich welche andere M\u00f6glichkeiten an. Zum Beispiel der Karlsruher Grat in der Nordschwarzwald. Ein perfektes Tourenziel im&#8230;<\/p>\n","protected":false},"author":1,"featured_media":0,"parent":0,"menu_order":0,"comment_status":"closed","ping_status":"closed","template":"","meta":{"footnotes":""},"class_list":["post-5898","page","type-page","status-publish","hentry"],"_links":{"self":[{"href":"http:\/\/errearra.eu\/de_DE\/wp-json\/wp\/v2\/pages\/5898","targetHints":{"allow":["GET"]}}],"collection":[{"href":"http:\/\/errearra.eu\/de_DE\/wp-json\/wp\/v2\/pages"}],"about":[{"href":"http:\/\/errearra.eu\/de_DE\/wp-json\/wp\/v2\/types\/page"}],"author":[{"embeddable":true,"href":"http:\/\/errearra.eu\/de_DE\/wp-json\/wp\/v2\/users\/1"}],"replies":[{"embeddable":true,"href":"http:\/\/errearra.eu\/de_DE\/wp-json\/wp\/v2\/comments?post=5898"}],"version-history":[{"count":43,"href":"http:\/\/errearra.eu\/de_DE\/wp-json\/wp\/v2\/pages\/5898\/revisions"}],"predecessor-version":[{"id":5977,"href":"http:\/\/errearra.eu\/de_DE\/wp-json\/wp\/v2\/pages\/5898\/revisions\/5977"}],"wp:attachment":[{"href":"http:\/\/errearra.eu\/de_DE\/wp-json\/wp\/v2\/media?parent=5898"}],"curies":[{"name":"wp","href":"https:\/\/api.w.org\/{rel}","templated":true}]}}