{"id":4877,"date":"2016-03-19T14:30:32","date_gmt":"2016-03-19T14:30:32","guid":{"rendered":"http:\/\/errearra.eu\/?page_id=4877"},"modified":"2016-03-19T14:30:32","modified_gmt":"2016-03-19T14:30:32","slug":"riedberger-horn-1786-m","status":"publish","type":"page","link":"http:\/\/errearra.eu\/hu_HU\/riedberger-horn-1786-m","title":{"rendered":"Riedberger Horn 1786 m"},"content":{"rendered":"<p>Gabi a h\u00e9tv\u00e9g\u00e9n oktat\u00e1sra ment, \u00edgy \u00fagy d\u00f6nt\u00f6ttem, kihaszn\u00e1lom ezt a k\u00e9t napot. Be is iratkoztam egy oberstdorf-i hegyi iskola k\u00e9tnapos s\u00edt\u00faratanfolyam\u00e1ra.<\/p> <p>Els\u0151 nap egy r\u00f6videbb t\u00far\u00e1ra ker\u00fclt sor, a Riedberger Horn-ra. \u00cdgy b\u0151ven maradt id\u0151 a lavinajelent\u00e9s \u00e9rtelmez\u00e9s\u00e9nek, piepskeres\u00e9snek stb. gyakorl\u00e1s\u00e1ra.<\/p> <table style=\"height: 178px;\" width=\"550\"> <tbody> <tr> <td>Parkol\u00f3: Balderschwang S\u00edp\u00e1lya, 47.456598, 10.130980<\/td> <\/tr> <tr> <td>Indul\u00e1s: Riedberger Horn Bergstation, 1404 m, 47.458333, 10.145021<\/td> <\/tr> <tr> <td>Szint fel: 380 m<\/td> <\/tr> <tr> <td>Szint le: 710 m<\/td> <\/tr> <tr> <td>Cs\u00facs: Riederberger Horn 1786 m<\/td> <\/tr> <\/tbody> <\/table> <p>&nbsp;<\/p> \r\n\t\t<div id=\"wpgpxmaps_4877_3227586\" class=\"wpgpxmaps\">\r\n\t\t\t<div id=\"map_4877_3227586_cont\" style=\"width:100%; height:450px;position:relative\" >\r\n\t\t\t\t<div id=\"map_4877_3227586\" style=\"width:100%; height:450px\"><\/div>\r\n\t\t\t\t<div id=\"wpgpxmaps_4877_3227586_osm_footer\" class=\"wpgpxmaps_osm_footer\" style=\"display:none;\"><span> &copy; <a href=\"http:\/\/www.openstreetmap.org\/copyright\">OpenStreetMap<\/a> contributors<\/span><\/div>\r\n\t\t\t<\/div>\r\n\t\t\t<canvas id=\"myChart_4877_3227586\" class=\"plot\" style=\"width:100%; height:200px\"><\/canvas>\r\n\t\t\t<div id=\"ngimages_4877_3227586\" class=\"ngimages\" style=\"display:none\"><\/div>\r\n\t\t\t<div id=\"report_4877_3227586\" class=\"report\"><\/div>\r\n\t\t<\/div>\r\n\t\t\r\n\t\t<script type=\"text\/javascript\">\r\n\r\n\t\t\tjQuery(document).ready(function() {\r\n\r\n\t\t\t\tjQuery( \"#wpgpxmaps_4877_3227586\" ).wpgpxmaps( {\r\n\t\t\t\t\ttargetId           : \"4877_3227586\",\r\n\t\t\t\t\tmapType            : \"HYBRID\",\r\n\t\t\t\t\tmapData            : [[47.4579530,10.1459160],[47.4579890,10.1460160],[47.4577890,10.1462040],[47.4576600,10.1463930],[47.4572980,10.1466660],[47.4572280,10.1468810],[47.4569120,10.1469710],[47.4567140,10.1469920],[47.4565920,10.1471690],[47.4565060,10.1473060],[47.4564130,10.1472760],[47.4561430,10.1472620],[47.4560140,10.1473730],[47.4558650,10.1473730],[47.4557690,10.1472940],[47.4556780,10.1474090],[47.4556240,10.1474300],[47.4555720,10.1475690],[47.4553960,10.1477770],[47.4553370,10.1479470],[47.4554320,10.1480550],[47.4555410,10.1481540],[47.4555060,10.1482920],[47.4555730,10.1484230],[47.4554520,10.1487330],[47.4554210,10.1488960],[47.4555100,10.1489270],[47.4556170,10.1489680],[47.4555520,10.1491780],[47.4556020,10.1492220],[47.4556100,10.1493030],[47.4556820,10.1493160],[47.4556450,10.1493540],[47.4554720,10.1495820],[47.4555730,10.1496210],[47.4554940,10.1497690],[47.4554910,10.1499660],[47.4554360,10.1500770],[47.4553380,10.1500950],[47.4551980,10.1500200],[47.4551470,10.1500560],[47.4550990,10.1501370],[47.4550270,10.1502000],[47.4548860,10.1502150],[47.4548140,10.1503000],[47.4547470,10.1504840],[47.4548050,10.1505610],[47.4549010,10.1506190],[47.4550030,10.1506260],[47.4550470,10.1507480],[47.4549630,10.1508280],[47.4550560,10.1509040],[47.4551010,10.1508700],[47.4549460,10.1510790],[47.4549470,10.1513600],[47.4549880,10.1515730],[47.4550720,10.1515970],[47.4549660,10.1516670],[47.4548750,10.1517160],[47.4549540,10.1518080],[47.4548930,10.1517790],[47.4546980,10.1520030],[47.4547000,10.1520840],[47.4546690,10.1522530],[47.4545410,10.1523650],[47.4545360,10.1524330],[47.4545550,10.1523840],[47.4544470,10.1524290],[47.4546650,10.1525640],[47.4544980,10.1528420],[47.4545200,10.1529600],[47.4544610,10.1531620],[47.4543900,10.1532720],[47.4542600,10.1533470],[47.4541920,10.1534780],[47.4540160,10.1535330],[47.4539840,10.1534810],[47.4540580,10.1535700],[47.4541420,10.1536280],[47.4541510,10.1537300],[47.4541610,10.1538090],[47.4541680,10.1539410],[47.4541930,10.1539940],[47.4541170,10.1540160],[47.4542020,10.1539370],[47.4541650,10.1539080],[47.4541070,10.1539160],[47.4541020,10.1539790],[47.4539970,10.1539590],[47.4538600,10.1539880],[47.4537870,10.1540620],[47.4538340,10.1539980],[47.4537730,10.1541130],[47.4538640,10.1543150],[47.4536840,10.1544070],[47.4534850,10.1544100],[47.4534580,10.1544500],[47.4534300,10.1545200],[47.4534120,10.1545970],[47.4533960,10.1547260],[47.4533070,10.1548060],[47.4531660,10.1550380],[47.4530000,10.1551310],[47.4529860,10.1551280],[47.4528920,10.1550320],[47.4527860,10.1550350],[47.4526910,10.1550150],[47.4523100,10.1550940],[47.4522210,10.1551170],[47.4521810,10.1550470],[47.4521120,10.1552430],[47.4521530,10.1553840],[47.4521710,10.1555140],[47.4521970,10.1556640],[47.4521880,10.1558800],[47.4521130,10.1557790],[47.4520080,10.1558640],[47.4519580,10.1559910],[47.4519140,10.1562160],[47.4519100,10.1563940],[47.4519230,10.1565320],[47.4519230,10.1566620],[47.4519220,10.1568410],[47.4518490,10.1569750],[47.4518210,10.1571310],[47.4519160,10.1572180],[47.4518840,10.1573990],[47.4519490,10.1575970],[47.4519100,10.1577910],[47.4518270,10.1579110],[47.4517330,10.1578690],[47.4516920,10.1579540],[47.4516730,10.1581100],[47.4516030,10.1582430],[47.4515340,10.1583440],[47.4514420,10.1584200],[47.4515320,10.1585500],[47.4515170,10.1586700],[47.4515150,10.1587860],[47.4514510,10.1588740],[47.4513600,10.1590880],[47.4512840,10.1590940]],\r\n\t\t\t\t\tgraphDist          : [0.00,20.80,47.20,67.39,112.94,130.89,166.84,189.11,211.46,225.79,239.72,270.68,290.02,309.16,322.49,335.81,345.88,357.93,382.97,397.35,410.67,424.89,436.75,452.66,479.72,494.50,504.77,517.48,536.23,548.51,561.24,573.62,583.97,610.18,622.07,637.61,653.44,663.98,675.44,697.01,708.37,721.83,732.55,748.38,758.78,776.45,788.46,801.65,813.65,825.22,836.39,854.99,870.33,898.61,921.96,938.87,953.96,971.05,981.88,995.40,1013.09,1041.25,1058.88,1078.40,1095.08,1108.73,1119.11,1131.94,1158.72,1189.17,1199.25,1218.17,1232.35,1248.02,1261.65,1283.62,1293.63,1306.33,1316.70,1326.94,1338.45,1348.65,1361.61,1380.71,1391.87,1406.04,1417.87,1432.77,1445.00,1460.43,1481.12,1493.25,1505.47,1529.74,1558.09,1581.73,1592.95,1607.55,1622.28,1637.78,1649.40,1673.27,1693.28,1705.50,1719.46,1731.25,1742.65,1802.22,1818.34,1828.74,1849.90,1862.44,1873.69,1886.36,1902.90,1914.63,1928.27,1939.77,1957.77,1972.62,1986.78,1997.06,2010.75,2024.95,2037.63,2051.74,2065.94,2083.77,2099.17,2114.13,2126.02,2136.68,2150.92,2165.28,2176.48,2188.91,2204.08,2216.43,2229.94,2241.99,2261.86,2275.40],\r\n\t\t\t\t\tgraphEle           : [1377.00,1395.00,1397.00,1397.00,1398.00,1398.00,1400.00,1403.00,1406.00,1409.00,1412.00,1416.00,1422.00,1425.00,1427.00,1427.00,1429.00,1430.00,1430.00,1431.00,1431.00,1430.00,1430.00,1433.00,1436.00,1437.00,1439.00,1441.00,1445.00,1448.00,1449.00,1451.00,1453.00,1455.00,1457.00,1461.00,1463.00,1465.00,1468.00,1470.00,1471.00,1474.00,1479.00,1480.00,1482.00,1486.00,1489.00,1491.00,1493.00,1495.00,1496.00,1496.00,1496.00,1499.00,1503.00,1506.00,1508.00,1510.00,1510.00,1518.00,1521.00,1525.00,1531.00,1533.00,1535.00,1538.00,1541.00,1544.00,1547.00,1552.00,1554.00,1557.00,1559.00,1561.00,1563.00,1565.00,1568.00,1569.00,1571.00,1573.00,1577.00,1579.00,1579.00,1579.00,1579.00,1578.00,1579.00,1580.00,1584.00,1585.00,1589.00,1592.00,1594.00,1598.00,1603.00,1605.00,1607.00,1611.00,1613.00,1615.00,1616.00,1617.00,1620.00,1628.00,1633.00,1633.00,1633.00,1665.00,1666.00,1666.00,1669.00,1673.00,1676.00,1679.00,1682.00,1685.00,1688.00,1691.00,1695.00,1699.00,1706.00,1708.00,1711.00,1716.00,1719.00,1724.00,1726.00,1730.00,1732.00,1736.00,1741.00,1745.00,1747.00,1753.00,1756.00,1760.00,1764.00,1766.00,1773.00,1778.00,1779.00,1779.00],\r\n\t\t\t\t\tgraphSpeed         : [],\r\n\t\t\t\t\tgraphHr            : [],\r\n\t\t\t\t\tgraphAtemp         : [],\r\n\t\t\t\t\tgraphCad           : [],\r\n\t\t\t\t\tgraphGrade         : [],\r\n\t\t\t\t\twaypoints          : [],\r\n\t\t\t\t\tunit               : \"0\",\r\n\t\t\t\t\tunitspeed          : \"0\",\r\n\t\t\t\t\tcolor1             : [\"#3366cc\"],\r\n\t\t\t\t\tcolor2             : \"#3366cc\",\r\n\t\t\t\t\tcolor3             : \"#ff0000\",\r\n\t\t\t\t\tcolor4             : \"#ff77bd\",\r\n\t\t\t\t\tcolor5             : \"#beecff\",\r\n\t\t\t\t\tcolor6             : \"#000000\",\r\n\t\t\t\t\tcolor7             : \"#ff77bd\",\r\n\t\t\t\t\tchartFrom1         : \"\",\r\n\t\t\t\t\tchartTo1           : \"\",\r\n\t\t\t\t\tchartFrom2         : \"\",\r\n\t\t\t\t\tchartTo2           : \"\",\r\n\t\t\t\t\tstartIcon          : \"\",\r\n\t\t\t\t\tendIcon            : \"\",\r\n\t\t\t\t\tcurrentIcon        : \"\",\r\n\t\t\t\t\twaypointIcon       : \"\",\r\n\t\t\t\t\tcurrentpositioncon : \"\",\r\n\t\t\t\t\tusegpsposition     : \"\",\r\n\t\t\t\t\tzoomOnScrollWheel  : \"true\",\r\n\t\t\t\t\tngGalleries        : [],\r\n\t\t\t\t\tngImages           : [],\r\n\t\t\t\t\tpluginUrl          : \"http:\/\/errearra.eu\/wp-content\/plugins\",\r\n\t\t\t\t\tTFApiKey           : \"\",\r\n\t\t\t\t\tlangs              : {\r\n\t\t\t\t\t\taltitude        : \"Magass\u00e1g\",\r\n\t\t\t\t\t\tcurrentPosition : \"Current position\",\r\n\t\t\t\t\t\tspeed           : \"Sebess\u00e9g\",\r\n\t\t\t\t\t\tgrade           : \"Grade\",\r\n\t\t\t\t\t\theartRate       : \"Sz\u00edvritmus\",\r\n\t\t\t\t\t\tatemp           : \"Temperature\",\r\n\t\t\t\t\t\tcadence         : \"Kadencia\",\r\n\t\t\t\t\t\tgoFullScreen    : \"Go full screen\",\r\n\t\t\t\t\t\texitFullFcreen  : \"Exit full screen\",\r\n\t\t\t\t\t\thideImages      : \"Hide images\",\r\n\t\t\t\t\t\tshowImages      : \"Show images\",\r\n\t\t\t\t\t\tbackToCenter\t: \"Back to center\"\r\n\t\t\t\t\t}\r\n\t\t\t\t});\r\n\r\n\t\t\t});\r\n\r\n\t\t<\/script>Download file: <a href='http:\/\/errearra.eu\/hu_HU\/wp-content\/uploads\/gpx\/riedberger_gpx.gpx' target='_new' download>riedberger_gpx.gpx<\/a> <p>Szombat d\u00e9lel\u0151tt \u00e9rkezt\u00fcnk meg a s\u00edp\u00e1lya parkol\u00f3j\u00e1ba, ahol m\u00e9g b\u0151ven volt parkol\u00f3hely. H\u00e1tunkra kaptuk a zs\u00e1kot, jegyet vett\u00fcnk a felvon\u00f3ra, felcsatoltuk a l\u00e9ceket, s ir\u00e1ny a lift.<\/p> <p>A s\u00edp\u00e1lya tetej\u00e9n azt\u00e1n megvizsg\u00e1ltuk az aznapi lavinajelent\u00e9st, az \u00fatvonalat, amerre haladni fogunk, ellen\u0151rizt\u00fck a piepseket s \u00fatnak indultunk.<\/p> <div id=\"attachment_4882\" style=\"width: 660px\" class=\"wp-caption alignnone\"><a href=\"http:\/\/errearra.eu\/wp-content\/uploads\/2016\/03\/P1010516.jpg\" rel=\"attachment wp-att-4882\"><img loading=\"lazy\" decoding=\"async\" aria-describedby=\"caption-attachment-4882\" class=\"wp-image-4882\" src=\"http:\/\/errearra.eu\/wp-content\/uploads\/2016\/03\/P1010516.jpg\" alt=\"Riedberger Horn\" width=\"650\" height=\"488\" \/><\/a><p id=\"caption-attachment-4882\" class=\"wp-caption-text\">Indul\u00e1s!<\/p><\/div> <p>Utunk el\u0151ssz\u00f6r a patakv\u00f6lgyben vezetett a domboldalban, majd a feny\u0151erd\u0151be \u00e9rve \u00e1tkel\u00fcnk az alig \u00e9szrevehet\u0151 patakon. A terep k\u00f6nny\u0171, s gyorsan haladunk felfele.<\/p> <p>Egyetlen b\u00e1natunk, hogy leereszkedik s teljesen belep minket a k\u00f6d. \u00cdgy sokszor alig l\u00e1tunk p\u00e1r m\u00e9tert el\u0151re.<\/p> <div id=\"attachment_4883\" style=\"width: 660px\" class=\"wp-caption alignnone\"><a href=\"http:\/\/errearra.eu\/wp-content\/uploads\/2016\/03\/P1010517.jpg\" rel=\"attachment wp-att-4883\"><img loading=\"lazy\" decoding=\"async\" aria-describedby=\"caption-attachment-4883\" class=\"wp-image-4883\" src=\"http:\/\/errearra.eu\/wp-content\/uploads\/2016\/03\/P1010517.jpg\" alt=\"Riedberger Horn\" width=\"650\" height=\"488\" \/><\/a><p id=\"caption-attachment-4883\" class=\"wp-caption-text\">Elt\u0171nve a k\u00f6dben<\/p><\/div> <p>Ki\u00e9r\u00fcnk a f\u00e1k k\u00f6z\u00fcl, s a hegyoldal meredekebb lesz. Itt a remek alkalom, hogy gyakoroljuk a fordul\u00e1st. Ez a szakasz azonban nem tart sok\u00e1ig, s egy kev\u00e9sb\u00e9 meredek r\u00e9t sz\u00e9l\u00e9n tal\u00e1ljuk magunkat. A nyomot k\u00f6vetj\u00fck, mely p\u00e1r feny\u0151 k\u00f6zt vezet tov\u00e1bb. Id\u0151nk\u00e9nt kicsit er\u0151sebb a sz\u00e9l, de valahogy nem akarja elf\u00fajni a felh\u0151ket a hegy k\u00f6r\u00fcl.<\/p> <div id=\"attachment_4885\" style=\"width: 660px\" class=\"wp-caption alignnone\"><a href=\"http:\/\/errearra.eu\/wp-content\/uploads\/2016\/03\/P1010518.jpg\" rel=\"attachment wp-att-4885\"><img loading=\"lazy\" decoding=\"async\" aria-describedby=\"caption-attachment-4885\" class=\"wp-image-4885\" src=\"http:\/\/errearra.eu\/wp-content\/uploads\/2016\/03\/P1010518.jpg\" alt=\"Riedberger Horn\" width=\"650\" height=\"488\" \/><\/a><p id=\"caption-attachment-4885\" class=\"wp-caption-text\">A lank\u00e1sabb szakaszon haladva<\/p><\/div> <p>M\u00e9g egy meredek szakasz k\u00f6vetkezik. Itt meg is tanuljuk, hogyan tudjuk megm\u00e9rni az oldal meredeks\u00e9g\u00e9t. A 30 fokos oldalban cikk-cakkban haladunk felfele.<\/p> <p>Nemsok\u00e1ra a nyugati sz\u00e9les h\u00e1ton tal\u00e1ljuk magunkat. Ahogy n\u00e9ha kicsit tisztul, m\u00e9g a cs\u00facskeresztet is megpillantjuk.<\/p> <div id=\"attachment_4886\" style=\"width: 660px\" class=\"wp-caption alignnone\"><a href=\"http:\/\/errearra.eu\/wp-content\/uploads\/2016\/03\/P1010524.jpg\" rel=\"attachment wp-att-4886\"><img loading=\"lazy\" decoding=\"async\" aria-describedby=\"caption-attachment-4886\" class=\"wp-image-4886\" src=\"http:\/\/errearra.eu\/wp-content\/uploads\/2016\/03\/P1010524.jpg\" alt=\"Riedberger Horn\" width=\"650\" height=\"488\" \/><\/a><p id=\"caption-attachment-4886\" class=\"wp-caption-text\">A feny\u0151k k\u00f6zt m\u00e1r a cs\u00facskereszt magasodik<\/p><\/div> <p>Itt a cs\u00facs el\u0151tt m\u00e1r \u00e1lland\u00f3an er\u0151sebb a sz\u00e9l. Nem is tart sok\u00e1ig, s p\u00e1r perc alatt el\u00e9rj\u00fck a H\u00f6rnergruppe legmagasabb s legkedveltebb s\u00edt\u00farac\u00e9lpontj\u00e1t.<\/p> <p>A cs\u00facskereszt k\u00f6r\u00fcli sz\u00e9les plat\u00f3n legal\u00e1bb 20 s\u00edt\u00far\u00e1z\u00f3 s h\u00f3talpas tart \u00e9ppen r\u00f6vid sz\u00fcnetet.<\/p> <div id=\"attachment_4888\" style=\"width: 660px\" class=\"wp-caption alignnone\"><a href=\"http:\/\/errearra.eu\/wp-content\/uploads\/2016\/03\/P1010527.jpg\" rel=\"attachment wp-att-4888\"><img loading=\"lazy\" decoding=\"async\" aria-describedby=\"caption-attachment-4888\" class=\"wp-image-4888\" src=\"http:\/\/errearra.eu\/wp-content\/uploads\/2016\/03\/P1010527.jpg\" alt=\"Riedberger Horn\" width=\"650\" height=\"867\" \/><\/a><p id=\"caption-attachment-4888\" class=\"wp-caption-text\">Riedberger Horn 1786 m<\/p><\/div> <p>Mi is lecsatoljuk a l\u00e9ceket s el\u0151kapjuk a termoszokat. Levessz\u00fck a f\u00f3k\u00e1t, k\u00e9sz\u00edt\u00fcnk p\u00e1r cs\u00facsfot\u00f3t, s indulunk is lefele, mert kicsit hideg van a szeles cs\u00facson.<\/p> <p>Mivel p\u00e1r m\u00e9tern\u00e9l tov\u00e1bb sajnos nem lehet l\u00e1tni, a vezet\u0151nk \u00fagy d\u00f6nt a felj\u00f6veteli \u00faton cs\u00faszunk le. Libasorban, l\u00e1t\u00f3t\u00e1vols\u00e1gon bel\u00fcl maradva cs\u00faszunk egym\u00e1s ut\u00e1n. A legelej\u00e9n a bokrok s feny\u0151k k\u00f6zt kicsit izgalmas volt a man\u0151verez\u00e9s, de hamar ki\u00e9rt\u00fcnk a sz\u00e9les h\u00e1tra.<\/p> <p>Ut\u00e1na j\u00f6tt a meredek szakasz, amin azonban szuper porh\u00f3 volt.<\/p> <p>Kb. 1400 m\u00e9teren azt\u00e1n meg\u00e1lltunk s keres\u0151 gyakorlatokat csin\u00e1ltunk a pieps-szel. Szond\u00e1ztunk is, s meglepet\u00e9s\u00fcnkre 180 cm h\u00f3 volt a l\u00e1bunk alatt.<\/p> <p>V\u00e9gezt\u00fcnk a gyakorlattal, s indultunk is tov\u00e1bb lefele. Itt m\u00e1r az erd\u0151s r\u00e9szen cs\u00fasztunk, ahol helyenk\u00e9nt kem\u00e9nyre fagyott a h\u00f3. Na itt el is v\u00e1g\u00f3dtam p\u00e1rszor, de ezzel nem csak \u00e9n voltam \u00edgy. Hamarosan ki\u00e9rt\u00fcnk a f\u00e1k k\u00f6z\u00fcl a s\u00edp\u00e1lya tetej\u00e9re.<\/p> <p>Lecs\u00fasztunk a s\u00edp\u00e1ly\u00e1n, s be\u00fclt\u00fcnk a kis h\u00fctt\u00e9be egy szelet tort\u00e1ra s k\u00e1v\u00e9ra. Vezet\u0151nk elmes\u00e9lte, milyen sz\u00e9p lenne a kil\u00e1t\u00e1s a cs\u00facsr\u00f3l. Elhitt\u00fck neki s b\u00edztuk benne hogy m\u00e1snap tiszta lesz az \u00e9g.<\/p> <p>&nbsp;<\/p> <p>2016.03.12.<\/p> ","protected":false},"excerpt":{"rendered":"<p>Gabi a h\u00e9tv\u00e9g\u00e9n oktat\u00e1sra ment, \u00edgy \u00fagy d\u00f6nt\u00f6ttem, kihaszn\u00e1lom ezt a k\u00e9t napot. Be is iratkoztam egy oberstdorf-i hegyi iskola k\u00e9tnapos s\u00edt\u00faratanfolyam\u00e1ra.<\/p>\n<p>Els\u0151 nap egy r\u00f6videbb t\u00far\u00e1ra ker\u00fclt sor, a Riedberger Horn-ra. \u00cdgy b\u0151ven maradt id\u0151 a lavin&#8230;<\/p>\n","protected":false},"author":1,"featured_media":0,"parent":0,"menu_order":0,"comment_status":"closed","ping_status":"closed","template":"","meta":{"footnotes":""},"class_list":["post-4877","page","type-page","status-publish","hentry"],"_links":{"self":[{"href":"http:\/\/errearra.eu\/hu_HU\/wp-json\/wp\/v2\/pages\/4877","targetHints":{"allow":["GET"]}}],"collection":[{"href":"http:\/\/errearra.eu\/hu_HU\/wp-json\/wp\/v2\/pages"}],"about":[{"href":"http:\/\/errearra.eu\/hu_HU\/wp-json\/wp\/v2\/types\/page"}],"author":[{"embeddable":true,"href":"http:\/\/errearra.eu\/hu_HU\/wp-json\/wp\/v2\/users\/1"}],"replies":[{"embeddable":true,"href":"http:\/\/errearra.eu\/hu_HU\/wp-json\/wp\/v2\/comments?post=4877"}],"version-history":[{"count":29,"href":"http:\/\/errearra.eu\/hu_HU\/wp-json\/wp\/v2\/pages\/4877\/revisions"}],"predecessor-version":[{"id":5047,"href":"http:\/\/errearra.eu\/hu_HU\/wp-json\/wp\/v2\/pages\/4877\/revisions\/5047"}],"wp:attachment":[{"href":"http:\/\/errearra.eu\/hu_HU\/wp-json\/wp\/v2\/media?parent=4877"}],"curies":[{"name":"wp","href":"https:\/\/api.w.org\/{rel}","templated":true}]}}