{"id":5894,"date":"2017-11-01T11:38:23","date_gmt":"2017-11-01T09:38:23","guid":{"rendered":"http:\/\/errearra.eu\/?page_id=5894"},"modified":"2017-11-01T11:38:23","modified_gmt":"2017-11-01T09:38:23","slug":"bergtouren","status":"publish","type":"page","link":"http:\/\/errearra.eu\/hu_HU\/bergtouren","title":{"rendered":"T\u00far\u00e1z\u00e1s"},"content":{"rendered":"","protected":false},"excerpt":{"rendered":"<p>&#8230;<\/p>\n","protected":false},"author":1,"featured_media":0,"parent":0,"menu_order":0,"comment_status":"closed","ping_status":"closed","template":"","meta":{"footnotes":""},"class_list":["post-5894","page","type-page","status-publish","hentry"],"_links":{"self":[{"href":"http:\/\/errearra.eu\/hu_HU\/wp-json\/wp\/v2\/pages\/5894","targetHints":{"allow":["GET"]}}],"collection":[{"href":"http:\/\/errearra.eu\/hu_HU\/wp-json\/wp\/v2\/pages"}],"about":[{"href":"http:\/\/errearra.eu\/hu_HU\/wp-json\/wp\/v2\/types\/page"}],"author":[{"embeddable":true,"href":"http:\/\/errearra.eu\/hu_HU\/wp-json\/wp\/v2\/users\/1"}],"replies":[{"embeddable":true,"href":"http:\/\/errearra.eu\/hu_HU\/wp-json\/wp\/v2\/comments?post=5894"}],"version-history":[{"count":2,"href":"http:\/\/errearra.eu\/hu_HU\/wp-json\/wp\/v2\/pages\/5894\/revisions"}],"predecessor-version":[{"id":5896,"href":"http:\/\/errearra.eu\/hu_HU\/wp-json\/wp\/v2\/pages\/5894\/revisions\/5896"}],"wp:attachment":[{"href":"http:\/\/errearra.eu\/hu_HU\/wp-json\/wp\/v2\/media?parent=5894"}],"curies":[{"name":"wp","href":"https:\/\/api.w.org\/{rel}","templated":true}]}}