{"id":5898,"date":"2017-11-02T16:48:31","date_gmt":"2017-11-02T14:48:31","guid":{"rendered":"http:\/\/errearra.eu\/?page_id=5898"},"modified":"2017-11-02T17:45:42","modified_gmt":"2017-11-02T15:45:42","slug":"karlsruher-grat","status":"publish","type":"page","link":"http:\/\/errearra.eu\/hu_HU\/karlsruher-grat","title":{"rendered":"Karlsruher Grat"},"content":{"rendered":"<p>Azt hinn\u00e9nk, szikl\u00e1s, gerincen m\u00e1sz\u00f3s t\u00far\u00e1t csak a magashegys\u00e9gekben lelni. Alapvet\u0151en ez igaz, is, de szerencs\u00e9re van p\u00e1r kiv\u00e9tel. Ilyen a Karlsruher Grat is, mely a Feketeerd\u0151 \u00e9szaki r\u00e9sz\u00e9n tal\u00e1lhat\u00f3.<\/p> <p>T\u00f6k\u00e9letes t\u00faralehet\u0151s\u00e9g tavasszal vagy \u0151sszel, amikor az Alpokba m\u00e1r vagy m\u00e9g nem lehet menni. Tov\u00e1bbi nagy el\u0151nye, hogy a gerinc mellett t\u00fara\u00f6sv\u00e9ny vezet, \u00edgy ha a csal\u00e1d valamely tagja kihagyn\u00e1 a m\u00e1sz\u00f3s r\u00e9szt, akkor is tudunk egy\u00fctt t\u00far\u00e1zni.<\/p> <p>T\u00f6bb oldalon klettersteig-k\u00e9nt hivatkoznak r\u00e1, amit az\u00e9rt t\u00falz\u00e1snak \u00e9rz\u00fcnk, illetve az \u00fatvonal nincs biztos\u00edtva, mint ez a klettersteigek-ekn\u00e9l szok\u00e1s.<\/p> <table style=\"height: 133px;\" width=\"380\"> <tbody> <tr> <td>Kiindul\u00f3pont: Ottenh\u00f6fen vas\u00fat\u00e1llom\u00e1s<\/td> <\/tr> <tr> <td>Neh\u00e9zs\u00e9g: egy helyen UIAA II, egy\u00e9bk\u00e9nt k\u00f6nnyebb<\/td> <\/tr> <tr> <td>Szintk\u00fcl\u00f6nbs\u00e9g: 700 m<\/td> <\/tr> <tr> <td>T\u00e1v: 12 km<\/td> <\/tr> <\/tbody> <\/table> <p>Egy m\u00e1rciusi nap v\u00e1gtunk neki a t\u00far\u00e1nak. A vas\u00fat\u00e1llom\u00e1s mellett tal\u00e1ltunk nehezen parkol\u00f3helyet. \u00c1tv\u00e1gva a kis parkon az Albert-K\u00f6hler utca fel\u00e9 vett\u00fck az ir\u00e1ny, amir\u0151l hamar le is \u00e1gaztunk jobbra, a Hildahain utc\u00e1ra. Itt kezd\u0151dik a k\u00f6rt\u00fara, egy r\u00e9szletes eligaz\u00edt\u00f3 t\u00e9rk\u00e9ppel. Az eg\u00e9sz \u00fatvonalra jellemz\u0151, hogy nagyon j\u00f3l jel\u00f6lt.<\/p> <div id=\"attachment_5901\" style=\"width: 660px\" class=\"wp-caption alignnone\"><a href=\"http:\/\/errearra.eu\/wp-content\/uploads\/2017\/11\/P1050275.jpg\"><img loading=\"lazy\" decoding=\"async\" aria-describedby=\"caption-attachment-5901\" class=\"wp-image-5901\" title=\"Karlsruher Grat Karte\" src=\"http:\/\/errearra.eu\/wp-content\/uploads\/2017\/11\/P1050275.jpg\" alt=\"Karlsruher Grat Karte\" width=\"650\" height=\"488\" srcset=\"http:\/\/errearra.eu\/wp-content\/uploads\/2017\/11\/P1050275.jpg 2000w, http:\/\/errearra.eu\/wp-content\/uploads\/2017\/11\/P1050275-300x225.jpg 300w, http:\/\/errearra.eu\/wp-content\/uploads\/2017\/11\/P1050275-768x576.jpg 768w, http:\/\/errearra.eu\/wp-content\/uploads\/2017\/11\/P1050275-1024x768.jpg 1024w\" sizes=\"auto, (max-width: 650px) 100vw, 650px\" \/><\/a><p id=\"caption-attachment-5901\" class=\"wp-caption-text\">Karlsruher Grat \u00e1ttekint\u0151 t\u00e9rk\u00e9p<\/p><\/div> <p>Az els\u0151 r\u00f6vid szakaszt, mely a faluban vezet hamar magunk m\u00f6g\u00f6tt hagyjuk. Folyamatosan emelked\u00fcnk, eleinte sz\u00e9lesebb erd\u0151gazdas\u00e1gi \u00faton, majd gy\u00f6ny\u00f6r\u0171 fenyvesen \u00e1t vezet\u0151 \u00f6sv\u00e9nyen. El\u00e9rve az Eichkopf-ot (526 m), m\u00e1r 200 m\u00e9ter szintet k\u00fczd\u00f6tt\u00fcnk le.<\/p> <p>A k\u00f6vetkez\u0151 1,5 km-en enyh\u00e9n lefel\u00e9 illetve szintben haladunk. Itt tal\u00e1lhat\u00f3 egy \u00f6nkiszolg\u00e1l\u00f3 italb\u00fcf\u00e9, felszerelve minden j\u00f3val. Minden h\u0171t\u00f6tt, vannak helyi r\u00f6vid italok, s\u00f6r\u00f6k, \u00fcd\u00edt\u0151k is! Nem hagyjuk ki a lehet\u0151s\u00e9get, s vesz\u00fcnk 1-1 friss\u00edt\u0151t magunknak.<\/p> <div id=\"attachment_5903\" style=\"width: 660px\" class=\"wp-caption alignnone\"><a href=\"http:\/\/errearra.eu\/wp-content\/uploads\/2017\/11\/P1050283.jpg\"><img loading=\"lazy\" decoding=\"async\" aria-describedby=\"caption-attachment-5903\" class=\"wp-image-5903\" title=\"Sausteig Tr\u00e4nkle Karlsruher Grat\" src=\"http:\/\/errearra.eu\/wp-content\/uploads\/2017\/11\/P1050283.jpg\" alt=\"Sausteig Tr\u00e4nkle Karlsruher Grat\" width=\"650\" height=\"488\" srcset=\"http:\/\/errearra.eu\/wp-content\/uploads\/2017\/11\/P1050283.jpg 2000w, http:\/\/errearra.eu\/wp-content\/uploads\/2017\/11\/P1050283-300x225.jpg 300w, http:\/\/errearra.eu\/wp-content\/uploads\/2017\/11\/P1050283-768x576.jpg 768w, http:\/\/errearra.eu\/wp-content\/uploads\/2017\/11\/P1050283-1024x768.jpg 1024w\" sizes=\"auto, (max-width: 650px) 100vw, 650px\" \/><\/a><p id=\"caption-attachment-5903\" class=\"wp-caption-text\">Sausteig Tr\u00e4nkle &#8211; \u00d6nkiszolg\u00e1l\u00f3 italb\u00fcf\u00e9 \ud83d\ude42<\/p><\/div> <p>Felfriss\u00fclve haladunk tov\u00e1bb, s enyh\u00e9n leereszked\u00fcnk a Gottschl\u00e4g patak v\u00f6lgy\u00e9be. Ha valaki r\u00f6videbbre tervezn\u00e9 a t\u00far\u00e1t, ezt az els\u0151 szakaszt ki is hagyhajta, s direkt a patak mellett is kezdheti a t\u00far\u00e1t.<\/p> <p>A patak v\u00f6lgye mesesz\u00e9p. Kis hidakon \u00e9s l\u00e9pcs\u0151k\u00f6n \u00e1t haladunk a zubog\u00f3k \u00e9s v\u00edzes\u00e9sek \u00e1ltal tark\u00edtott patakv\u00f6lgyben.<\/p> <div id=\"attachment_5905\" style=\"width: 660px\" class=\"wp-caption alignnone\"><a href=\"http:\/\/errearra.eu\/wp-content\/uploads\/2017\/11\/P1050291.jpg\"><img loading=\"lazy\" decoding=\"async\" aria-describedby=\"caption-attachment-5905\" class=\"wp-image-5905\" src=\"http:\/\/errearra.eu\/wp-content\/uploads\/2017\/11\/P1050291.jpg\" alt=\"Karlsruher Grat\" width=\"650\" height=\"867\" srcset=\"http:\/\/errearra.eu\/wp-content\/uploads\/2017\/11\/P1050291.jpg 1500w, http:\/\/errearra.eu\/wp-content\/uploads\/2017\/11\/P1050291-225x300.jpg 225w, http:\/\/errearra.eu\/wp-content\/uploads\/2017\/11\/P1050291-768x1024.jpg 768w\" sizes=\"auto, (max-width: 650px) 100vw, 650px\" \/><\/a><p id=\"caption-attachment-5905\" class=\"wp-caption-text\">Zubog\u00f3k mellett haladva<\/p><\/div> <p>R\u00f6videsen egy r\u00e9gi k\u0151h\u00edd mellett vezet el az \u00f6sv\u00e9ny.<\/p> <div id=\"attachment_5907\" style=\"width: 660px\" class=\"wp-caption alignnone\"><a href=\"http:\/\/errearra.eu\/wp-content\/uploads\/2017\/11\/P1050296.jpg\"><img loading=\"lazy\" decoding=\"async\" aria-describedby=\"caption-attachment-5907\" class=\"wp-image-5907\" title=\"Karlsruher grat\" src=\"http:\/\/errearra.eu\/wp-content\/uploads\/2017\/11\/P1050296.jpg\" alt=\"Karlsruher grat\" width=\"650\" height=\"488\" srcset=\"http:\/\/errearra.eu\/wp-content\/uploads\/2017\/11\/P1050296.jpg 2000w, http:\/\/errearra.eu\/wp-content\/uploads\/2017\/11\/P1050296-300x225.jpg 300w, http:\/\/errearra.eu\/wp-content\/uploads\/2017\/11\/P1050296-768x576.jpg 768w, http:\/\/errearra.eu\/wp-content\/uploads\/2017\/11\/P1050296-1024x768.jpg 1024w\" sizes=\"auto, (max-width: 650px) 100vw, 650px\" \/><\/a><p id=\"caption-attachment-5907\" class=\"wp-caption-text\">R\u00e9gi k\u0151h\u00edd<\/p><\/div> <p>A patakmedret itt elhagyjuk, s sz\u00e9lesebb erdei \u00faton haladunk felfel\u00e9. Eleinte a patakkal p\u00e1rhuzamosan, majd egy er\u0151s balra kanyarral tov\u00e1bb az \u00f6sv\u00e9nyen.<\/p> <p>Egy sz\u00e9p kil\u00e1t\u00f3pontra \u00e9r\u00fcnk, ahol \u00e9rdemes r\u00f6vid pihen\u0151t tartani, visszatekinteni az eddig megtett \u00fatra.<\/p> <p>Innen m\u00e1r csak p\u00e1r sz\u00e1z m\u00e9ter, s t\u00e1bl\u00e1k mutatj\u00e1k a let\u00e9r\u0151t a Karlsruher Grat ir\u00e1ny\u00e1ba.<\/p> <p>Itt kezd\u0151dik a m\u00f3k\u00e1s r\u00e9sze a t\u00far\u00e1nak, egy kis m\u00e1sz\u00e1ssal, egyens\u00falyoz\u00e1ssal a gerincen.<\/p> <p><div id=\"attachment_5908\" style=\"width: 660px\" class=\"wp-caption alignnone\"><a href=\"http:\/\/errearra.eu\/wp-content\/uploads\/2017\/11\/P1050314.jpg\"><img loading=\"lazy\" decoding=\"async\" aria-describedby=\"caption-attachment-5908\" class=\"wp-image-5908\" title=\"Karlsruher grat\" src=\"http:\/\/errearra.eu\/wp-content\/uploads\/2017\/11\/P1050314.jpg\" alt=\"Karlsruher grat\" width=\"650\" height=\"488\" srcset=\"http:\/\/errearra.eu\/wp-content\/uploads\/2017\/11\/P1050314.jpg 2000w, http:\/\/errearra.eu\/wp-content\/uploads\/2017\/11\/P1050314-300x225.jpg 300w, http:\/\/errearra.eu\/wp-content\/uploads\/2017\/11\/P1050314-768x576.jpg 768w, http:\/\/errearra.eu\/wp-content\/uploads\/2017\/11\/P1050314-1024x768.jpg 1024w\" sizes=\"auto, (max-width: 650px) 100vw, 650px\" \/><\/a><p id=\"caption-attachment-5908\" class=\"wp-caption-text\">M\u00e1sz\u00f3ka a gerincen<\/p><\/div><div id=\"attachment_5909\" style=\"width: 660px\" class=\"wp-caption alignnone\"><a href=\"http:\/\/errearra.eu\/wp-content\/uploads\/2017\/11\/P1050317.jpg\"><img loading=\"lazy\" decoding=\"async\" aria-describedby=\"caption-attachment-5909\" class=\"wp-image-5909\" src=\"http:\/\/errearra.eu\/wp-content\/uploads\/2017\/11\/P1050317.jpg\" alt=\"Karlsruher grat\" width=\"650\" height=\"488\" srcset=\"http:\/\/errearra.eu\/wp-content\/uploads\/2017\/11\/P1050317.jpg 2400w, http:\/\/errearra.eu\/wp-content\/uploads\/2017\/11\/P1050317-300x225.jpg 300w, http:\/\/errearra.eu\/wp-content\/uploads\/2017\/11\/P1050317-768x576.jpg 768w, http:\/\/errearra.eu\/wp-content\/uploads\/2017\/11\/P1050317-1024x768.jpg 1024w\" sizes=\"auto, (max-width: 650px) 100vw, 650px\" \/><\/a><p id=\"caption-attachment-5909\" class=\"wp-caption-text\">Karlsruher grat<\/p><\/div><\/p> <p>A gerinc \u00f6sszesen p\u00e1r sz\u00e1z m\u00e9ter hossz\u00fa, de csod\u00e1s \u00e9lm\u00e9nyt ny\u00fajt. Szuper a kil\u00e1t\u00e1s, a szikla tapint\u00e1sa. Aki pedig ezt kihany\u00e1, kb 20 m\u00e9terre t\u0151l\u00fcnk az erd\u0151ben haladhat az \u00f6sv\u00e9nyen.<\/p> <p><div id=\"attachment_5911\" style=\"width: 660px\" class=\"wp-caption alignnone\"><a href=\"http:\/\/errearra.eu\/wp-content\/uploads\/2017\/11\/P1050319.jpg\"><img loading=\"lazy\" decoding=\"async\" aria-describedby=\"caption-attachment-5911\" class=\"wp-image-5911\" src=\"http:\/\/errearra.eu\/wp-content\/uploads\/2017\/11\/P1050319.jpg\" alt=\"Karlsruher grat\" width=\"650\" height=\"488\" srcset=\"http:\/\/errearra.eu\/wp-content\/uploads\/2017\/11\/P1050319.jpg 2000w, http:\/\/errearra.eu\/wp-content\/uploads\/2017\/11\/P1050319-300x225.jpg 300w, http:\/\/errearra.eu\/wp-content\/uploads\/2017\/11\/P1050319-768x576.jpg 768w, http:\/\/errearra.eu\/wp-content\/uploads\/2017\/11\/P1050319-1024x768.jpg 1024w\" sizes=\"auto, (max-width: 650px) 100vw, 650px\" \/><\/a><p id=\"caption-attachment-5911\" class=\"wp-caption-text\">Fel \u00e9s le a gerincen<\/p><\/div><div id=\"attachment_5913\" style=\"width: 660px\" class=\"wp-caption alignnone\"><a href=\"http:\/\/errearra.eu\/wp-content\/uploads\/2017\/11\/P1050321.jpg\"><img loading=\"lazy\" decoding=\"async\" aria-describedby=\"caption-attachment-5913\" class=\"wp-image-5913\" src=\"http:\/\/errearra.eu\/wp-content\/uploads\/2017\/11\/P1050321.jpg\" alt=\"Karlsruher grat\" width=\"650\" height=\"488\" srcset=\"http:\/\/errearra.eu\/wp-content\/uploads\/2017\/11\/P1050321.jpg 2000w, http:\/\/errearra.eu\/wp-content\/uploads\/2017\/11\/P1050321-300x225.jpg 300w, http:\/\/errearra.eu\/wp-content\/uploads\/2017\/11\/P1050321-768x576.jpg 768w, http:\/\/errearra.eu\/wp-content\/uploads\/2017\/11\/P1050321-1024x768.jpg 1024w\" sizes=\"auto, (max-width: 650px) 100vw, 650px\" \/><\/a><p id=\"caption-attachment-5913\" class=\"wp-caption-text\">Karlsruher Grat<\/p><\/div><div id=\"attachment_5914\" style=\"width: 660px\" class=\"wp-caption alignnone\"><a href=\"http:\/\/errearra.eu\/wp-content\/uploads\/2017\/11\/P1050322.jpg\"><img loading=\"lazy\" decoding=\"async\" aria-describedby=\"caption-attachment-5914\" class=\"wp-image-5914\" src=\"http:\/\/errearra.eu\/wp-content\/uploads\/2017\/11\/P1050322.jpg\" alt=\"Karlsruher grat\" width=\"650\" height=\"488\" srcset=\"http:\/\/errearra.eu\/wp-content\/uploads\/2017\/11\/P1050322.jpg 2000w, http:\/\/errearra.eu\/wp-content\/uploads\/2017\/11\/P1050322-300x225.jpg 300w, http:\/\/errearra.eu\/wp-content\/uploads\/2017\/11\/P1050322-768x576.jpg 768w, http:\/\/errearra.eu\/wp-content\/uploads\/2017\/11\/P1050322-1024x768.jpg 1024w\" sizes=\"auto, (max-width: 650px) 100vw, 650px\" \/><\/a><p id=\"caption-attachment-5914\" class=\"wp-caption-text\">Kil\u00e1t\u00f3ponton a gerincen<\/p><\/div><\/p> <p>A gerinc alatt t\u00f6bb sziklam\u00e1sz\u00f3 \u00fatvonal is tal\u00e1lhat\u00f3. Gabi kicsit le is m\u00e1szott szem\u00fcgyre venni az egyiket.<\/p> <p><div id=\"attachment_5916\" style=\"width: 660px\" class=\"wp-caption alignnone\"><a href=\"http:\/\/errearra.eu\/wp-content\/uploads\/2017\/11\/P1050329.jpg\"><img loading=\"lazy\" decoding=\"async\" aria-describedby=\"caption-attachment-5916\" class=\"wp-image-5916\" src=\"http:\/\/errearra.eu\/wp-content\/uploads\/2017\/11\/P1050329.jpg\" alt=\"Karlsruher grat\" width=\"650\" height=\"488\" srcset=\"http:\/\/errearra.eu\/wp-content\/uploads\/2017\/11\/P1050329.jpg 2000w, http:\/\/errearra.eu\/wp-content\/uploads\/2017\/11\/P1050329-300x225.jpg 300w, http:\/\/errearra.eu\/wp-content\/uploads\/2017\/11\/P1050329-768x576.jpg 768w, http:\/\/errearra.eu\/wp-content\/uploads\/2017\/11\/P1050329-1024x768.jpg 1024w\" sizes=\"auto, (max-width: 650px) 100vw, 650px\" \/><\/a><p id=\"caption-attachment-5916\" class=\"wp-caption-text\">Karlsruher grat<\/p><\/div><div id=\"attachment_5917\" style=\"width: 660px\" class=\"wp-caption alignnone\"><a href=\"http:\/\/errearra.eu\/wp-content\/uploads\/2017\/11\/P1050336.jpg\"><img loading=\"lazy\" decoding=\"async\" aria-describedby=\"caption-attachment-5917\" class=\"wp-image-5917\" src=\"http:\/\/errearra.eu\/wp-content\/uploads\/2017\/11\/P1050336.jpg\" alt=\"Karlsruher grat\" width=\"650\" height=\"867\" srcset=\"http:\/\/errearra.eu\/wp-content\/uploads\/2017\/11\/P1050336.jpg 1900w, http:\/\/errearra.eu\/wp-content\/uploads\/2017\/11\/P1050336-225x300.jpg 225w, http:\/\/errearra.eu\/wp-content\/uploads\/2017\/11\/P1050336-768x1024.jpg 768w\" sizes=\"auto, (max-width: 650px) 100vw, 650px\" \/><\/a><p id=\"caption-attachment-5917\" class=\"wp-caption-text\">\ud83d\ude42<\/p><\/div><\/p> <p>El is \u00e9rt\u00fcnk a r\u00f6vid II-es fell\u00e9p\u00e9shez, ami t\u00e9nyleg k\u00f6nny\u0171 \u00e9s \u00e9lvezetes.<\/p> <div id=\"attachment_5918\" style=\"width: 660px\" class=\"wp-caption alignnone\"><a href=\"http:\/\/errearra.eu\/wp-content\/uploads\/2017\/11\/P1050350.jpg\"><img loading=\"lazy\" decoding=\"async\" aria-describedby=\"caption-attachment-5918\" class=\"wp-image-5918\" src=\"http:\/\/errearra.eu\/wp-content\/uploads\/2017\/11\/P1050350.jpg\" alt=\"Karlsruher grat\" width=\"650\" height=\"488\" srcset=\"http:\/\/errearra.eu\/wp-content\/uploads\/2017\/11\/P1050350.jpg 2000w, http:\/\/errearra.eu\/wp-content\/uploads\/2017\/11\/P1050350-300x225.jpg 300w, http:\/\/errearra.eu\/wp-content\/uploads\/2017\/11\/P1050350-768x576.jpg 768w, http:\/\/errearra.eu\/wp-content\/uploads\/2017\/11\/P1050350-1024x768.jpg 1024w\" sizes=\"auto, (max-width: 650px) 100vw, 650px\" \/><\/a><p id=\"caption-attachment-5918\" class=\"wp-caption-text\">A r\u00f6vid fell\u00e9p\u0151s II-es szakasz<\/p><\/div> <p>Innen m\u00e1r nincs sok, s teles\u00edtett\u00fck is a gerincet! R\u00f6viden m\u00e9g felfele haladunk, s ki\u00e9r\u00fcnk az aut\u00f3\u00fathoz. Innen Seebach illetve Ottenh\u00f6fen fel\u00e9 vessz\u00fck az ir\u00e1nyt. Elhaladunk egy kis h\u00fctte melett. Ekkor \u00e9pp mag\u00e1n rendezv\u00e9ny volt, \u00edgy nem tudtunk bet\u00e9rni egy italra. Egy sz\u00e9les mez\u0151n haladunk el egy t\u00farah\u00e1z mellett (Wanderheim), majd be\u00e9rve az erd\u0151be egyre meredekebben lefel\u00e9 tartunk.<\/p> <div id=\"attachment_5920\" style=\"width: 660px\" class=\"wp-caption alignnone\"><a href=\"http:\/\/errearra.eu\/wp-content\/uploads\/2017\/11\/P1050356.jpg\"><img loading=\"lazy\" decoding=\"async\" aria-describedby=\"caption-attachment-5920\" class=\"wp-image-5920\" src=\"http:\/\/errearra.eu\/wp-content\/uploads\/2017\/11\/P1050356.jpg\" alt=\"Karlsruher grat\" width=\"650\" height=\"488\" srcset=\"http:\/\/errearra.eu\/wp-content\/uploads\/2017\/11\/P1050356.jpg 2000w, http:\/\/errearra.eu\/wp-content\/uploads\/2017\/11\/P1050356-300x225.jpg 300w, http:\/\/errearra.eu\/wp-content\/uploads\/2017\/11\/P1050356-768x576.jpg 768w, http:\/\/errearra.eu\/wp-content\/uploads\/2017\/11\/P1050356-1024x768.jpg 1024w\" sizes=\"auto, (max-width: 650px) 100vw, 650px\" \/><\/a><p id=\"caption-attachment-5920\" class=\"wp-caption-text\">Visszfel\u00e9<\/p><\/div> <p>Hamarosan egy erdei kulcsosh\u00e1zat l\u00e1tunk meg egy csod\u00e1s kil\u00e1t\u00f3pont mellett. Teljesen \u00faj, a padl\u00e1ster\u00e9ben lehet aludni.<\/p> <p>Innent\u0151l azt\u00e1n gyorsan vesz\u00edtj\u00fck a szintet, s sokszor szerpentines \u00f6sv\u00e9nyen haladunk lefele. Ki\u00e9rve az erd\u0151b\u0151l igazi feketeerdei l\u00e1tk\u00e9p t\u00e1rul el\u00e9nk a helyi \u00e9p\u00edt\u00e9szeti st\u00edlusban emelt h\u00e1zakkal.<\/p> <div id=\"attachment_5921\" style=\"width: 660px\" class=\"wp-caption alignnone\"><a href=\"http:\/\/errearra.eu\/wp-content\/uploads\/2017\/11\/P1050367.jpg\"><img loading=\"lazy\" decoding=\"async\" aria-describedby=\"caption-attachment-5921\" class=\"wp-image-5921\" src=\"http:\/\/errearra.eu\/wp-content\/uploads\/2017\/11\/P1050367.jpg\" alt=\"Karlsruher grat\" width=\"650\" height=\"488\" srcset=\"http:\/\/errearra.eu\/wp-content\/uploads\/2017\/11\/P1050367.jpg 2000w, http:\/\/errearra.eu\/wp-content\/uploads\/2017\/11\/P1050367-300x225.jpg 300w, http:\/\/errearra.eu\/wp-content\/uploads\/2017\/11\/P1050367-768x576.jpg 768w, http:\/\/errearra.eu\/wp-content\/uploads\/2017\/11\/P1050367-1024x768.jpg 1024w\" sizes=\"auto, (max-width: 650px) 100vw, 650px\" \/><\/a><p id=\"caption-attachment-5921\" class=\"wp-caption-text\">Feketeerdei l\u00e1tk\u00e9p<\/p><\/div> <p>Le\u00e9r\u00fcnk Hagenbruck apr\u00f3 telep\u00fcl\u00e9s\u00e9be, majd itt a patak mellet a s\u00e9t\u00e1l\u00f3-, ker\u00e9kp\u00e1r\u00faton megy\u00fcnk tov\u00e1bb, m\u00edg vissza nem \u00e9r\u00fcnk Ottenh\u00f6fenbe, ahonnan a t\u00far\u00e1nk indult.<\/p> <p>Egy csod\u00e1s (f\u00e9l)t\u00faranap \u00e1ll m\u00f6g\u00f6tt\u00fcnk.<\/p> <p>2017. m\u00e1rcius<\/p> ","protected":false},"excerpt":{"rendered":"<p>Azt hinn\u00e9nk, szikl\u00e1s, gerincen m\u00e1sz\u00f3s t\u00far\u00e1t csak a magashegys\u00e9gekben lelni. Alapvet\u0151en ez igaz, is, de szerencs\u00e9re van p\u00e1r kiv\u00e9tel. Ilyen a Karlsruher Grat is, mely a Feketeerd\u0151 \u00e9szaki r\u00e9sz\u00e9n tal\u00e1lhat\u00f3.<\/p>\n<p>T\u00f6k\u00e9letes t\u00faralehet\u0151s\u00e9g tavasszal vagy&#8230;<\/p>\n","protected":false},"author":1,"featured_media":0,"parent":0,"menu_order":0,"comment_status":"closed","ping_status":"closed","template":"","meta":{"footnotes":""},"class_list":["post-5898","page","type-page","status-publish","hentry"],"_links":{"self":[{"href":"http:\/\/errearra.eu\/hu_HU\/wp-json\/wp\/v2\/pages\/5898","targetHints":{"allow":["GET"]}}],"collection":[{"href":"http:\/\/errearra.eu\/hu_HU\/wp-json\/wp\/v2\/pages"}],"about":[{"href":"http:\/\/errearra.eu\/hu_HU\/wp-json\/wp\/v2\/types\/page"}],"author":[{"embeddable":true,"href":"http:\/\/errearra.eu\/hu_HU\/wp-json\/wp\/v2\/users\/1"}],"replies":[{"embeddable":true,"href":"http:\/\/errearra.eu\/hu_HU\/wp-json\/wp\/v2\/comments?post=5898"}],"version-history":[{"count":43,"href":"http:\/\/errearra.eu\/hu_HU\/wp-json\/wp\/v2\/pages\/5898\/revisions"}],"predecessor-version":[{"id":5977,"href":"http:\/\/errearra.eu\/hu_HU\/wp-json\/wp\/v2\/pages\/5898\/revisions\/5977"}],"wp:attachment":[{"href":"http:\/\/errearra.eu\/hu_HU\/wp-json\/wp\/v2\/media?parent=5898"}],"curies":[{"name":"wp","href":"https:\/\/api.w.org\/{rel}","templated":true}]}}