{"id":6384,"date":"2021-01-06T17:43:59","date_gmt":"2021-01-06T15:43:59","guid":{"rendered":"http:\/\/errearra.eu\/?page_id=6384"},"modified":"2021-01-06T17:46:42","modified_gmt":"2021-01-06T15:46:42","slug":"watzmann-keleti-fal","status":"publish","type":"page","link":"http:\/\/errearra.eu\/hu_HU\/watzmann-keleti-fal","title":{"rendered":"Watzmann keleti fal"},"content":{"rendered":" <p>T\u00f6bb mint 2 \u00e9s f\u00e9l \u00e9vvel a m\u00e1sz\u00e1s ut\u00e1n, azt hiszem ideje megirni ezt. Norm\u00e1lis esetben itt j\u00f6nn\u00e9nek a sz\u00e1mok, de ezekre csak r\u00e9szben eml\u00e9kszem.<\/p>    <p>Maga a fal kb 2100 m\u00e9ter m\u00e1sz\u00e1st jelent, ut\u00e1na mi v\u00e9gigment\u00fcnk a Watzmann klettersteigen, a Watzmann h\u00e1zig, ami megint csak egy p\u00e1r sz\u00e1z m\u00e9ter felfele \u00e9s m\u00e9g t\u00f6bb lefele. A h\u00e1z ut\u00e1n les\u00e9t\u00e1ltunk a parkol\u00f3ba. Sz\u00e9p hossz\u00fa nap volt. Hajnali 4kor indultunk a kis hegymasz\u00f3 h\u00e1zb\u00f3l Sankt Bartholom\u00e4-b\u00f3l. Ide el\u0151z\u00f6 nap haj\u00f3val \u00e9rkezt\u00fcnk. A vend\u00e9gl\u0151ben kellett bejentkezni \u00e9s befizetni p\u00e1r eur\u00f3t \u00e9s cser\u00e9be egy fantasztikus kis h\u00e1zik\u00f3ban aludhattunk. <\/p>    <figure class=\"wp-block-image size-large\"><a href=\"http:\/\/errearra.eu\/wp-content\/uploads\/2021\/01\/hutte_resized.png\"><img loading=\"lazy\" decoding=\"async\" width=\"768\" height=\"1024\" src=\"http:\/\/errearra.eu\/wp-content\/uploads\/2021\/01\/hutte_resized-768x1024.png\" alt=\"\" class=\"wp-image-6491\" srcset=\"http:\/\/errearra.eu\/wp-content\/uploads\/2021\/01\/hutte_resized-768x1024.png 768w, http:\/\/errearra.eu\/wp-content\/uploads\/2021\/01\/hutte_resized-225x300.png 225w, http:\/\/errearra.eu\/wp-content\/uploads\/2021\/01\/hutte_resized.png 864w\" sizes=\"auto, (max-width: 768px) 100vw, 768px\" \/><\/a><\/figure>    <p>A besz\u00e1ll\u00e1st kb 1 \u00f3ra s\u00e9ta utan \u00e9rt\u00fck el. Kis k\u0151emberek jel\u00f6lt\u00e9k az utat. <\/p>    <figure class=\"wp-block-image size-large\"><a href=\"http:\/\/errearra.eu\/wp-content\/uploads\/2021\/01\/beszallo_resized.png\"><img loading=\"lazy\" decoding=\"async\" width=\"1024\" height=\"768\" src=\"http:\/\/errearra.eu\/wp-content\/uploads\/2021\/01\/beszallo_resized-1024x768.png\" alt=\"\" class=\"wp-image-6492\" srcset=\"http:\/\/errearra.eu\/wp-content\/uploads\/2021\/01\/beszallo_resized-1024x768.png 1024w, http:\/\/errearra.eu\/wp-content\/uploads\/2021\/01\/beszallo_resized-300x225.png 300w, http:\/\/errearra.eu\/wp-content\/uploads\/2021\/01\/beszallo_resized-768x576.png 768w, http:\/\/errearra.eu\/wp-content\/uploads\/2021\/01\/beszallo_resized.png 1152w\" sizes=\"auto, (max-width: 1024px) 100vw, 1024px\" \/><\/a><\/figure>    <p>Kb innent\u0151l viszont megsz\u0171ntek a kis \u00fatmutat\u00f3k. Rossz nyelvek szerint, a helyi t\u00faravezet\u0151k t\u0171ntetik el az \u00fatmutat\u00f3 jeleket, hogy az egyszer\u0171 hegym\u00e1sz\u00f3 ne menjen csak \u00fagy oda. Nem tudom mennyi ennek a val\u00f3s\u00e1galapja, de t\u00e9ny \u00e9s val\u00f3 hogy az utols\u00f3 p\u00e1r sz\u00e1z m\u00e9terig nagyon kev\u00e9s jelz\u00e9st tal\u00e1ltunk, fent pedig sok olyat ami le volt kaparva&#8230;<\/p>    <p>Igaz\u00e1b\u00f3l a fal maga technikailag nem neh\u00e9z, a legnagyobb probl\u00e9ma a navig\u00e1l\u00e1s. Mi k\u00e9tszer t\u00e9vedt\u00fcnk el \u00fagy igaz\u00e1b\u00f3l. Egy esetben vissza is kellett ereszkedn\u00fcnk. Szerencs\u00e9nk volt hogy tudtunk mib\u0151l.<\/p>    <figure class=\"wp-block-image size-large\"><a href=\"http:\/\/errearra.eu\/wp-content\/uploads\/2021\/01\/wasserfallwand_resized.png\"><img loading=\"lazy\" decoding=\"async\" width=\"692\" height=\"922\" src=\"http:\/\/errearra.eu\/wp-content\/uploads\/2021\/01\/wasserfallwand_resized.png\" alt=\"\" class=\"wp-image-6493\" srcset=\"http:\/\/errearra.eu\/wp-content\/uploads\/2021\/01\/wasserfallwand_resized.png 692w, http:\/\/errearra.eu\/wp-content\/uploads\/2021\/01\/wasserfallwand_resized-225x300.png 225w\" sizes=\"auto, (max-width: 692px) 100vw, 692px\" \/><\/a><figcaption>A v\u00edzes\u00e9s fal (Wasserfallwand)<\/figcaption><\/figure>    <p>Az igaz\u00e1n neh\u00e9z szakasz az uzsonn\u00e1z\u00f3 mez\u0151ig(Brotzeitplatz Wiese) tartott. <\/p>    <figure class=\"wp-block-image size-large\"><a href=\"http:\/\/errearra.eu\/wp-content\/uploads\/2021\/01\/P1060881_resized.png\"><img loading=\"lazy\" decoding=\"async\" width=\"692\" height=\"922\" src=\"http:\/\/errearra.eu\/wp-content\/uploads\/2021\/01\/P1060881_resized.png\" alt=\"\" class=\"wp-image-6495\" srcset=\"http:\/\/errearra.eu\/wp-content\/uploads\/2021\/01\/P1060881_resized.png 692w, http:\/\/errearra.eu\/wp-content\/uploads\/2021\/01\/P1060881_resized-225x300.png 225w\" sizes=\"auto, (max-width: 692px) 100vw, 692px\" \/><\/a><\/figure>    <figure class=\"wp-block-image size-large\"><a href=\"http:\/\/errearra.eu\/wp-content\/uploads\/2021\/01\/P1060883_resized.png\"><img loading=\"lazy\" decoding=\"async\" width=\"922\" height=\"692\" src=\"http:\/\/errearra.eu\/wp-content\/uploads\/2021\/01\/P1060883_resized.png\" alt=\"\" class=\"wp-image-6494\" srcset=\"http:\/\/errearra.eu\/wp-content\/uploads\/2021\/01\/P1060883_resized.png 922w, http:\/\/errearra.eu\/wp-content\/uploads\/2021\/01\/P1060883_resized-300x225.png 300w, http:\/\/errearra.eu\/wp-content\/uploads\/2021\/01\/P1060883_resized-768x576.png 768w\" sizes=\"auto, (max-width: 922px) 100vw, 922px\" \/><\/a><figcaption>Kil\u00e1t\u00e1s az uzsonn\u00e1z\u00f3 mez\u0151r\u0151l<\/figcaption><\/figure>    <figure class=\"wp-block-image size-large\"><a href=\"http:\/\/errearra.eu\/wp-content\/uploads\/2021\/01\/biwakalatt_resized.png\"><img loading=\"lazy\" decoding=\"async\" width=\"692\" height=\"922\" src=\"http:\/\/errearra.eu\/wp-content\/uploads\/2021\/01\/biwakalatt_resized.png\" alt=\"\" class=\"wp-image-6501\" srcset=\"http:\/\/errearra.eu\/wp-content\/uploads\/2021\/01\/biwakalatt_resized.png 692w, http:\/\/errearra.eu\/wp-content\/uploads\/2021\/01\/biwakalatt_resized-225x300.png 225w\" sizes=\"auto, (max-width: 692px) 100vw, 692px\" \/><\/a><\/figure>    <figure class=\"wp-block-image size-large\"><a href=\"http:\/\/errearra.eu\/wp-content\/uploads\/2021\/01\/biwak_resized.png\"><img loading=\"lazy\" decoding=\"async\" width=\"922\" height=\"692\" src=\"http:\/\/errearra.eu\/wp-content\/uploads\/2021\/01\/biwak_resized.png\" alt=\"\" class=\"wp-image-6500\" srcset=\"http:\/\/errearra.eu\/wp-content\/uploads\/2021\/01\/biwak_resized.png 922w, http:\/\/errearra.eu\/wp-content\/uploads\/2021\/01\/biwak_resized-300x225.png 300w, http:\/\/errearra.eu\/wp-content\/uploads\/2021\/01\/biwak_resized-768x576.png 768w\" sizes=\"auto, (max-width: 922px) 100vw, 922px\" \/><\/a><figcaption>A biwak alatt<\/figcaption><\/figure>    <p>A kis biwakn\u00e1l tartottunk egy kis pihen\u0151t. A kis biwak el\u00e9g men\u0151. T\u00f6bb le\u00edr\u00e1sban olvashat\u00f3, hogy akik 2 nap alatt csin\u00e1lj\u00e1k a t\u00far\u00e1t itt \u00e9jszak\u00e1znak. Igaz\u00e1b\u00f3l ez egy v\u00e9szbiwak, teh\u00e1t vesz\u00e9ly eset\u00e9n haszn\u00e1land\u00f3. Ennek megfelel\u0151en van benne egy p\u00e1r h\u00e1l\u00f3zs\u00e1k es polifoam. <\/p>    <figure class=\"wp-block-image size-large\"><a href=\"http:\/\/errearra.eu\/wp-content\/uploads\/2021\/01\/biwak_belulrol.png\"><img loading=\"lazy\" decoding=\"async\" width=\"922\" height=\"692\" src=\"http:\/\/errearra.eu\/wp-content\/uploads\/2021\/01\/biwak_belulrol.png\" alt=\"\" class=\"wp-image-6499\" srcset=\"http:\/\/errearra.eu\/wp-content\/uploads\/2021\/01\/biwak_belulrol.png 922w, http:\/\/errearra.eu\/wp-content\/uploads\/2021\/01\/biwak_belulrol-300x225.png 300w, http:\/\/errearra.eu\/wp-content\/uploads\/2021\/01\/biwak_belulrol-768x576.png 768w\" sizes=\"auto, (max-width: 922px) 100vw, 922px\" \/><\/a><\/figure>    <figure class=\"wp-block-image size-large\"><a href=\"http:\/\/errearra.eu\/wp-content\/uploads\/2021\/01\/csucs.png\"><img loading=\"lazy\" decoding=\"async\" width=\"692\" height=\"922\" src=\"http:\/\/errearra.eu\/wp-content\/uploads\/2021\/01\/csucs.png\" alt=\"\" class=\"wp-image-6502\" srcset=\"http:\/\/errearra.eu\/wp-content\/uploads\/2021\/01\/csucs.png 692w, http:\/\/errearra.eu\/wp-content\/uploads\/2021\/01\/csucs-225x300.png 225w\" sizes=\"auto, (max-width: 692px) 100vw, 692px\" \/><\/a><figcaption>Cs\u00facs!<\/figcaption><\/figure>    <p>N\u00e9h\u00e1ny sz\u00f3 a felszerel\u00e9sr\u0151l. Mi vitt\u00fcnk masz\u00f3cip\u0151t, de igaz\u00e1b\u00f3l bakancsba m\u00e1sztunk v\u00e9gig. Mondjuk az eny\u00e9m teljesen elkopott. K\u00f6t\u00e9l felt\u00e9tlen sz\u00fcks\u00e9ges, egy-k\u00e9t kitett helyen mi is biztos\u00edtva m\u00e1sztunk. Nem \u00e1rt egy k\u00e9t k\u00f6ztes is \u00e9s t\u00e9nyleg v\u00e9szhelyzet eset\u00e9re egy-k\u00e9t sz\u00f6g.<\/p>    <figure class=\"wp-block-image size-large\"><a href=\"http:\/\/errearra.eu\/wp-content\/uploads\/2021\/01\/watzmannklettersteig.png\"><img loading=\"lazy\" decoding=\"async\" width=\"922\" height=\"692\" src=\"http:\/\/errearra.eu\/wp-content\/uploads\/2021\/01\/watzmannklettersteig.png\" alt=\"\" class=\"wp-image-6504\" srcset=\"http:\/\/errearra.eu\/wp-content\/uploads\/2021\/01\/watzmannklettersteig.png 922w, http:\/\/errearra.eu\/wp-content\/uploads\/2021\/01\/watzmannklettersteig-300x225.png 300w, http:\/\/errearra.eu\/wp-content\/uploads\/2021\/01\/watzmannklettersteig-768x576.png 768w\" sizes=\"auto, (max-width: 922px) 100vw, 922px\" \/><\/a><figcaption>Watzmann klettersteig<\/figcaption><\/figure>    <figure class=\"wp-block-image size-large\"><a href=\"http:\/\/errearra.eu\/wp-content\/uploads\/2021\/01\/tabla.png\"><img loading=\"lazy\" decoding=\"async\" width=\"922\" height=\"692\" src=\"http:\/\/errearra.eu\/wp-content\/uploads\/2021\/01\/tabla.png\" alt=\"\" class=\"wp-image-6503\" srcset=\"http:\/\/errearra.eu\/wp-content\/uploads\/2021\/01\/tabla.png 922w, http:\/\/errearra.eu\/wp-content\/uploads\/2021\/01\/tabla-300x225.png 300w, http:\/\/errearra.eu\/wp-content\/uploads\/2021\/01\/tabla-768x576.png 768w\" sizes=\"auto, (max-width: 922px) 100vw, 922px\" \/><\/a><figcaption>Lemenetel a Watzmann h\u00e1zhoz<\/figcaption><\/figure>    <figure class=\"wp-block-image size-large\"><a href=\"http:\/\/errearra.eu\/wp-content\/uploads\/2021\/01\/zerge.png\"><img loading=\"lazy\" decoding=\"async\" width=\"922\" height=\"692\" src=\"http:\/\/errearra.eu\/wp-content\/uploads\/2021\/01\/zerge.png\" alt=\"\" class=\"wp-image-6505\" srcset=\"http:\/\/errearra.eu\/wp-content\/uploads\/2021\/01\/zerge.png 922w, http:\/\/errearra.eu\/wp-content\/uploads\/2021\/01\/zerge-300x225.png 300w, http:\/\/errearra.eu\/wp-content\/uploads\/2021\/01\/zerge-768x576.png 768w\" sizes=\"auto, (max-width: 922px) 100vw, 922px\" \/><\/a><\/figure>    <p>\u00d6sszefoglalva, egy fantasztikus t\u00fara. Tudom, k\u00f6zhely, de nem al\u00e1becs\u00fclend\u0151. 1881-es megm\u00e1sz\u00e1sa \u00f3ta t\u00f6bb, mint 100 hegym\u00e1sz\u00f3 lelte itt hal\u00e1l\u00e1t. Aki kicsit jobban ut\u00e1na akar olvasni, annak tudom ajanlani: Franz Rasp, Watzmann-Ostwand: Alle Routen f\u00fcr Bergsteiger und Kletterer c\u00edm\u0171 le\u00edr\u00e1s\u00e1t. A kis v\u00e9szbiwakon t\u00fal t\u00f6bb m\u00e1sik biwak \u00e9s barlang seg\u00edthet v\u00e9sz eset\u00e9n. A klettersteig v\u00e9g\u00e9n\/elej\u00e9n is van egy kis kunyh\u00f3.<\/p>    <p>K\u00f6sz\u00f6net a m\u00e1sz\u00f3t\u00e1rsamnak Gerinek! Egy \u00e9letre sz\u00f3l\u00f3 \u00e9lm\u00e9ny volt!<\/p> ","protected":false},"excerpt":{"rendered":"<p><!-- wp:paragraph --><\/p>\n<p>T\u00f6bb mint 2 \u00e9s f\u00e9l \u00e9vvel a m\u00e1sz\u00e1s ut\u00e1n, azt hiszem ideje megirni ezt. Norm\u00e1lis esetben itt j\u00f6nn\u00e9nek a sz\u00e1mok, de ezekre csak r\u00e9szben eml\u00e9kszem.<\/p>\n<p><!-- \/wp:paragraph --><\/p>\n<p><!-- wp:paragraph --><\/p>\n<p>Maga a fal kb 2100 m\u00e9ter m\u00e1s&#8230;<\/p>\n","protected":false},"author":3,"featured_media":0,"parent":0,"menu_order":0,"comment_status":"closed","ping_status":"closed","template":"","meta":{"footnotes":""},"class_list":["post-6384","page","type-page","status-publish","hentry"],"_links":{"self":[{"href":"http:\/\/errearra.eu\/hu_HU\/wp-json\/wp\/v2\/pages\/6384","targetHints":{"allow":["GET"]}}],"collection":[{"href":"http:\/\/errearra.eu\/hu_HU\/wp-json\/wp\/v2\/pages"}],"about":[{"href":"http:\/\/errearra.eu\/hu_HU\/wp-json\/wp\/v2\/types\/page"}],"author":[{"embeddable":true,"href":"http:\/\/errearra.eu\/hu_HU\/wp-json\/wp\/v2\/users\/3"}],"replies":[{"embeddable":true,"href":"http:\/\/errearra.eu\/hu_HU\/wp-json\/wp\/v2\/comments?post=6384"}],"version-history":[{"count":7,"href":"http:\/\/errearra.eu\/hu_HU\/wp-json\/wp\/v2\/pages\/6384\/revisions"}],"predecessor-version":[{"id":6508,"href":"http:\/\/errearra.eu\/hu_HU\/wp-json\/wp\/v2\/pages\/6384\/revisions\/6508"}],"wp:attachment":[{"href":"http:\/\/errearra.eu\/hu_HU\/wp-json\/wp\/v2\/media?parent=6384"}],"curies":[{"name":"wp","href":"https:\/\/api.w.org\/{rel}","templated":true}]}}